{"id":1011,"date":"2020-04-28T16:58:51","date_gmt":"2020-04-28T16:58:51","guid":{"rendered":"https:\/\/playaychalet.de\/?post_type=product&#038;p=1011"},"modified":"2025-09-22T16:30:24","modified_gmt":"2025-09-22T16:30:24","slug":"quaste-mit-bergkristall","status":"publish","type":"product","link":"https:\/\/playaychalet.de\/en\/shop\/quaste-mit-bergkristall\/","title":{"rendered":"Quaste mit Bergkristall"},"content":{"rendered":"<section class=\"wpb-content-wrapper\"><p>[vc_row][vc_column][vc_column_text]<\/p>\n<p class=\"p1\">Traumhaft sch\u00f6ne Kombination aus mattem Garn und klarem Bergkristall, der in der Sonne aufleuchtet und lichte Eleganz auf Leinen \u00fcbertr\u00e4gt. Die Farbt\u00f6ne Silbergrau, Karibikblau und Muschelrosa entstehen durch die Mischung verschiedenfarbiger Garne, die perfekt auf die Leinenstoffe abgestimmt ist. Durch die Verbindung von gl\u00e4nzend und matt passen die Quasten zu Sommer- wie Winteroutfits.<\/p>\n<p><strong>* Wichtiger Hinweis: <\/strong>Die austauschbaren Anh\u00e4nger werden ohne den abgebildeten Karabinerring geliefert. Falls Sie den Ring nicht bereits aus fr\u00fcheren Bestellungen haben, finden Sie ihn <a href=\"https:\/\/playaychalet.de\/produkt\/karabiner\/\" rel=\"noopener noreferrer\"><b>hier<\/b><\/a>.<\/p>\n<p class=\"p1\"><strong>Details:<\/strong><\/p>\n<ul>\n<li class=\"p1\">100% Viskose<\/li>\n<li class=\"p1\">Perle aus Bergkristall<\/li>\n<\/ul>\n<p><strong>Farben:<\/strong><\/p>\n<ul>\n<li>Silbergrau<\/li>\n<li>Wei\u00df<\/li>\n<li>Muschelrosa<\/li>\n<li>Karibikblau<\/li>\n<li>Sonderanfertigung<\/li>\n<li><span class=\"s1\">Zanzibarsand<\/span><\/li>\n<\/ul>\n<p><b><strong>Sonderanfertigung:<\/strong><\/b><\/p>\n<p class=\"p1\">Wir erf\u00fcllen W\u00fcnsche! Zitronengelb, Lavendel, T\u00fcrkis&#8230; Mit Quasten in pers\u00f6nlichen Lieblingsfarben verwandeln sich Kleidungsst\u00fccke von PLAYA Y CHALET zum perfekten Outfit-Partner f\u00fcr eigene Schuhe, Taschen oder Schmuck. Daf\u00fcr ben\u00f6tigen wir lediglich Ihr Farbmuster. Der Preis f\u00fcr eine <strong>Quaste in Sonderanfertigung<\/strong> betr\u00e4gt <strong>59,00 \u20ac<\/strong> inkl. MwSt. zzgl. Versandkosten. <strong><a href=\"https:\/\/playaychalet.de\/kontakt\/\" target=\"_blank\" rel=\"noopener noreferrer\">Kontaktieren Sie uns!<\/a><\/strong><\/p>\n<p>[\/vc_column_text][\/vc_column][\/vc_row]<\/p>\n<\/section>","protected":false},"excerpt":{"rendered":"<p>Quaste f\u00fcr jede Jahreszeit*<\/p>\n","protected":false},"featured_media":1013,"template":"","meta":[],"product_cat":[30,105,29],"product_tag":[97,93,98,101,110],"yoast_head":"<!-- This site is optimized with the Yoast SEO plugin v20.13 - https:\/\/yoast.com\/wordpress\/plugins\/seo\/ -->\n<title>Quaste mit Bergkristall - Playa y Chalet<\/title>\n<meta name=\"robots\" content=\"index, follow, max-snippet:-1, max-image-preview:large, max-video-preview:-1\" \/>\n<link rel=\"canonical\" href=\"https:\/\/playaychalet.de\/shop\/quaste-mit-bergkristall\/\" \/>\n<meta property=\"og:locale\" content=\"en_US\" \/>\n<meta property=\"og:type\" content=\"article\" \/>\n<meta property=\"og:title\" content=\"Quaste mit Bergkristall - Playa y Chalet\" \/>\n<meta property=\"og:description\" content=\"Quaste f\u00fcr jede Jahreszeit*\" \/>\n<meta property=\"og:url\" content=\"https:\/\/playaychalet.de\/shop\/quaste-mit-bergkristall\/\" \/>\n<meta property=\"og:site_name\" content=\"Playa y Chalet\" \/>\n<meta property=\"article:modified_time\" content=\"2025-09-22T16:30:24+00:00\" \/>\n<meta property=\"og:image\" content=\"https:\/\/playaychalet.de\/wp-content\/uploads\/2020\/04\/01_11_QUASTE_Grau.jpg\" \/>\n\t<meta property=\"og:image:width\" content=\"1980\" \/>\n\t<meta property=\"og:image:height\" content=\"1130\" \/>\n\t<meta property=\"og:image:type\" content=\"image\/jpeg\" \/>\n<meta name=\"twitter:card\" content=\"summary_large_image\" \/>\n<meta name=\"twitter:label1\" content=\"Est. reading time\" \/>\n\t<meta name=\"twitter:data1\" content=\"1 minute\" \/>\n<script type=\"application\/ld+json\" class=\"yoast-schema-graph\">{\"@context\":\"https:\/\/schema.org\",\"@graph\":[{\"@type\":\"WebPage\",\"@id\":\"https:\/\/playaychalet.de\/shop\/quaste-mit-bergkristall\/\",\"url\":\"https:\/\/playaychalet.de\/shop\/quaste-mit-bergkristall\/\",\"name\":\"Quaste mit Bergkristall - Playa y Chalet\",\"isPartOf\":{\"@id\":\"https:\/\/playaychalet.de\/#website\"},\"datePublished\":\"2020-04-28T16:58:51+00:00\",\"dateModified\":\"2025-09-22T16:30:24+00:00\",\"breadcrumb\":{\"@id\":\"https:\/\/playaychalet.de\/shop\/quaste-mit-bergkristall\/#breadcrumb\"},\"inLanguage\":\"en-US\",\"potentialAction\":[{\"@type\":\"ReadAction\",\"target\":[\"https:\/\/playaychalet.de\/shop\/quaste-mit-bergkristall\/\"]}]},{\"@type\":\"BreadcrumbList\",\"@id\":\"https:\/\/playaychalet.de\/shop\/quaste-mit-bergkristall\/#breadcrumb\",\"itemListElement\":[{\"@type\":\"ListItem\",\"position\":1,\"name\":\"Home\",\"item\":\"https:\/\/playaychalet.de\/\"},{\"@type\":\"ListItem\",\"position\":2,\"name\":\"Shop\",\"item\":\"https:\/\/playaychalet.de\/en\/shop-eng\/\"},{\"@type\":\"ListItem\",\"position\":3,\"name\":\"Quaste mit Bergkristall\"}]},{\"@type\":\"WebSite\",\"@id\":\"https:\/\/playaychalet.de\/#website\",\"url\":\"https:\/\/playaychalet.de\/\",\"name\":\"Playa y Chalet\",\"description\":\"\",\"potentialAction\":[{\"@type\":\"SearchAction\",\"target\":{\"@type\":\"EntryPoint\",\"urlTemplate\":\"https:\/\/playaychalet.de\/?s={search_term_string}\"},\"query-input\":\"required name=search_term_string\"}],\"inLanguage\":\"en-US\"}]}<\/script>\n<!-- \/ Yoast SEO plugin. -->","yoast_head_json":{"title":"Quaste mit Bergkristall - Playa y Chalet","robots":{"index":"index","follow":"follow","max-snippet":"max-snippet:-1","max-image-preview":"max-image-preview:large","max-video-preview":"max-video-preview:-1"},"canonical":"https:\/\/playaychalet.de\/shop\/quaste-mit-bergkristall\/","og_locale":"en_US","og_type":"article","og_title":"Quaste mit Bergkristall - Playa y Chalet","og_description":"Quaste f\u00fcr jede Jahreszeit*","og_url":"https:\/\/playaychalet.de\/shop\/quaste-mit-bergkristall\/","og_site_name":"Playa y Chalet","article_modified_time":"2025-09-22T16:30:24+00:00","og_image":[{"width":1980,"height":1130,"url":"https:\/\/playaychalet.de\/wp-content\/uploads\/2020\/04\/01_11_QUASTE_Grau.jpg","type":"image\/jpeg"}],"twitter_card":"summary_large_image","twitter_misc":{"Est. reading time":"1 minute"},"schema":{"@context":"https:\/\/schema.org","@graph":[{"@type":"WebPage","@id":"https:\/\/playaychalet.de\/shop\/quaste-mit-bergkristall\/","url":"https:\/\/playaychalet.de\/shop\/quaste-mit-bergkristall\/","name":"Quaste mit Bergkristall - Playa y Chalet","isPartOf":{"@id":"https:\/\/playaychalet.de\/#website"},"datePublished":"2020-04-28T16:58:51+00:00","dateModified":"2025-09-22T16:30:24+00:00","breadcrumb":{"@id":"https:\/\/playaychalet.de\/shop\/quaste-mit-bergkristall\/#breadcrumb"},"inLanguage":"en-US","potentialAction":[{"@type":"ReadAction","target":["https:\/\/playaychalet.de\/shop\/quaste-mit-bergkristall\/"]}]},{"@type":"BreadcrumbList","@id":"https:\/\/playaychalet.de\/shop\/quaste-mit-bergkristall\/#breadcrumb","itemListElement":[{"@type":"ListItem","position":1,"name":"Home","item":"https:\/\/playaychalet.de\/"},{"@type":"ListItem","position":2,"name":"Shop","item":"https:\/\/playaychalet.de\/en\/shop-eng\/"},{"@type":"ListItem","position":3,"name":"Quaste mit Bergkristall"}]},{"@type":"WebSite","@id":"https:\/\/playaychalet.de\/#website","url":"https:\/\/playaychalet.de\/","name":"Playa y Chalet","description":"","potentialAction":[{"@type":"SearchAction","target":{"@type":"EntryPoint","urlTemplate":"https:\/\/playaychalet.de\/?s={search_term_string}"},"query-input":"required name=search_term_string"}],"inLanguage":"en-US"}]}},"_links":{"self":[{"href":"https:\/\/playaychalet.de\/en\/wp-json\/wp\/v2\/product\/1011"}],"collection":[{"href":"https:\/\/playaychalet.de\/en\/wp-json\/wp\/v2\/product"}],"about":[{"href":"https:\/\/playaychalet.de\/en\/wp-json\/wp\/v2\/types\/product"}],"wp:featuredmedia":[{"embeddable":true,"href":"https:\/\/playaychalet.de\/en\/wp-json\/wp\/v2\/media\/1013"}],"wp:attachment":[{"href":"https:\/\/playaychalet.de\/en\/wp-json\/wp\/v2\/media?parent=1011"}],"wp:term":[{"taxonomy":"product_cat","embeddable":true,"href":"https:\/\/playaychalet.de\/en\/wp-json\/wp\/v2\/product_cat?post=1011"},{"taxonomy":"product_tag","embeddable":true,"href":"https:\/\/playaychalet.de\/en\/wp-json\/wp\/v2\/product_tag?post=1011"}],"curies":[{"name":"wp","href":"https:\/\/api.w.org\/{rel}","templated":true}]}}