{"id":1049,"date":"2020-04-28T17:16:04","date_gmt":"2020-04-28T17:16:04","guid":{"rendered":"https:\/\/playaychalet.de\/?post_type=product&#038;p=1049"},"modified":"2020-08-05T08:37:15","modified_gmt":"2020-08-05T08:37:15","slug":"brautguertel","status":"publish","type":"product","link":"https:\/\/playaychalet.de\/en\/shop\/brautguertel\/","title":{"rendered":"Brautg\u00fcrtel"},"content":{"rendered":"<p class=\"p1\">Der G\u00fcrtel und die passenden Quasten verwandeln das wei\u00dfe bodenlange Kleid PLAYA No. 2 in einen Hochzeitstraum. Der abnehmbare G\u00fcrtel ist handbestickt mit echten Perlen und einem Symbol aus dem Meer f\u00fcr Untrennbarkeit: Die Seepocke ist ein winziger Krebs, der sich f\u00fcr den Rest seines Lebens untrennbar mit dem Ort verbindet, an dem er f\u00fcr immer bleiben m\u00f6chte.<\/p>\n<p class=\"p1\"><strong>Details:<\/strong><\/p>\n<ul>\n<li class=\"p1\">100% Leinen<\/li>\n<li class=\"p1\">handbestickt mit S\u00fc\u00dfwasserperlen und Stickmotiven<\/li>\n<li class=\"p1\">abnehmbar<\/li>\n<li class=\"p1\">nicht sichtbare Befestigung mit Haken und Druckkn\u00f6pfen<\/li>\n<li class=\"p1\">verdeckt das umlaufende Empire-Band des Kleids von der Front bis zu den Seitenn\u00e4hten<\/li>\n<\/ul>\n","protected":false},"excerpt":{"rendered":"<p>Handbestickter Brautg\u00fcrtel mit S\u00fc\u00dfwasserperlen. Sch\u00f6n wie ein Strandspaziergang.<\/p>\n<p><strong>Der Artikel ist online nicht verf\u00fcgbar. Der Preis f\u00fcr den handgearbeiteten G\u00fcrtel betr\u00e4gt 179,00\u20ac inkl. MwSt. zzgl. Versandkosten. Kontaktieren Sie uns gerne!<\/strong><\/p>\n","protected":false},"featured_media":1196,"template":"","meta":[],"product_cat":[30,105],"product_tag":[101],"yoast_head":"<!-- This site is optimized with the Yoast SEO plugin v20.13 - https:\/\/yoast.com\/wordpress\/plugins\/seo\/ -->\n<title>Brautg\u00fcrtel - Playa y Chalet<\/title>\n<meta name=\"robots\" content=\"index, follow, max-snippet:-1, max-image-preview:large, max-video-preview:-1\" \/>\n<link rel=\"canonical\" href=\"https:\/\/playaychalet.de\/shop\/brautguertel\/\" \/>\n<meta property=\"og:locale\" content=\"en_US\" \/>\n<meta property=\"og:type\" content=\"article\" \/>\n<meta property=\"og:title\" content=\"Brautg\u00fcrtel - Playa y Chalet\" \/>\n<meta property=\"og:description\" content=\"Handbestickter Brautg\u00fcrtel mit S\u00fc\u00dfwasserperlen. Sch\u00f6n wie ein Strandspaziergang.  Der Artikel ist online nicht verf\u00fcgbar. Der Preis f\u00fcr den handgearbeiteten G\u00fcrtel betr\u00e4gt 179,00\u20ac inkl. MwSt. zzgl. Versandkosten. Kontaktieren Sie uns gerne!\" \/>\n<meta property=\"og:url\" content=\"https:\/\/playaychalet.de\/shop\/brautguertel\/\" \/>\n<meta property=\"og:site_name\" content=\"Playa y Chalet\" \/>\n<meta property=\"article:modified_time\" content=\"2020-08-05T08:37:15+00:00\" \/>\n<meta property=\"og:image\" content=\"https:\/\/playaychalet.de\/wp-content\/uploads\/2020\/04\/Brautguertel_01.jpg\" \/>\n\t<meta property=\"og:image:width\" content=\"1980\" \/>\n\t<meta property=\"og:image:height\" content=\"1130\" \/>\n\t<meta property=\"og:image:type\" content=\"image\/jpeg\" \/>\n<meta name=\"twitter:card\" content=\"summary_large_image\" \/>\n<script type=\"application\/ld+json\" class=\"yoast-schema-graph\">{\"@context\":\"https:\/\/schema.org\",\"@graph\":[{\"@type\":\"WebPage\",\"@id\":\"https:\/\/playaychalet.de\/shop\/brautguertel\/\",\"url\":\"https:\/\/playaychalet.de\/shop\/brautguertel\/\",\"name\":\"Brautg\u00fcrtel - Playa y Chalet\",\"isPartOf\":{\"@id\":\"https:\/\/playaychalet.de\/#website\"},\"datePublished\":\"2020-04-28T17:16:04+00:00\",\"dateModified\":\"2020-08-05T08:37:15+00:00\",\"breadcrumb\":{\"@id\":\"https:\/\/playaychalet.de\/shop\/brautguertel\/#breadcrumb\"},\"inLanguage\":\"en-US\",\"potentialAction\":[{\"@type\":\"ReadAction\",\"target\":[\"https:\/\/playaychalet.de\/shop\/brautguertel\/\"]}]},{\"@type\":\"BreadcrumbList\",\"@id\":\"https:\/\/playaychalet.de\/shop\/brautguertel\/#breadcrumb\",\"itemListElement\":[{\"@type\":\"ListItem\",\"position\":1,\"name\":\"Home\",\"item\":\"https:\/\/playaychalet.de\/\"},{\"@type\":\"ListItem\",\"position\":2,\"name\":\"Shop\",\"item\":\"https:\/\/playaychalet.de\/en\/shop-eng\/\"},{\"@type\":\"ListItem\",\"position\":3,\"name\":\"Brautg\u00fcrtel\"}]},{\"@type\":\"WebSite\",\"@id\":\"https:\/\/playaychalet.de\/#website\",\"url\":\"https:\/\/playaychalet.de\/\",\"name\":\"Playa y Chalet\",\"description\":\"\",\"potentialAction\":[{\"@type\":\"SearchAction\",\"target\":{\"@type\":\"EntryPoint\",\"urlTemplate\":\"https:\/\/playaychalet.de\/?s={search_term_string}\"},\"query-input\":\"required name=search_term_string\"}],\"inLanguage\":\"en-US\"}]}<\/script>\n<!-- \/ Yoast SEO plugin. -->","yoast_head_json":{"title":"Brautg\u00fcrtel - Playa y Chalet","robots":{"index":"index","follow":"follow","max-snippet":"max-snippet:-1","max-image-preview":"max-image-preview:large","max-video-preview":"max-video-preview:-1"},"canonical":"https:\/\/playaychalet.de\/shop\/brautguertel\/","og_locale":"en_US","og_type":"article","og_title":"Brautg\u00fcrtel - Playa y Chalet","og_description":"Handbestickter Brautg\u00fcrtel mit S\u00fc\u00dfwasserperlen. Sch\u00f6n wie ein Strandspaziergang.  Der Artikel ist online nicht verf\u00fcgbar. Der Preis f\u00fcr den handgearbeiteten G\u00fcrtel betr\u00e4gt 179,00\u20ac inkl. MwSt. zzgl. Versandkosten. Kontaktieren Sie uns gerne!","og_url":"https:\/\/playaychalet.de\/shop\/brautguertel\/","og_site_name":"Playa y Chalet","article_modified_time":"2020-08-05T08:37:15+00:00","og_image":[{"width":1980,"height":1130,"url":"https:\/\/playaychalet.de\/wp-content\/uploads\/2020\/04\/Brautguertel_01.jpg","type":"image\/jpeg"}],"twitter_card":"summary_large_image","schema":{"@context":"https:\/\/schema.org","@graph":[{"@type":"WebPage","@id":"https:\/\/playaychalet.de\/shop\/brautguertel\/","url":"https:\/\/playaychalet.de\/shop\/brautguertel\/","name":"Brautg\u00fcrtel - Playa y Chalet","isPartOf":{"@id":"https:\/\/playaychalet.de\/#website"},"datePublished":"2020-04-28T17:16:04+00:00","dateModified":"2020-08-05T08:37:15+00:00","breadcrumb":{"@id":"https:\/\/playaychalet.de\/shop\/brautguertel\/#breadcrumb"},"inLanguage":"en-US","potentialAction":[{"@type":"ReadAction","target":["https:\/\/playaychalet.de\/shop\/brautguertel\/"]}]},{"@type":"BreadcrumbList","@id":"https:\/\/playaychalet.de\/shop\/brautguertel\/#breadcrumb","itemListElement":[{"@type":"ListItem","position":1,"name":"Home","item":"https:\/\/playaychalet.de\/"},{"@type":"ListItem","position":2,"name":"Shop","item":"https:\/\/playaychalet.de\/en\/shop-eng\/"},{"@type":"ListItem","position":3,"name":"Brautg\u00fcrtel"}]},{"@type":"WebSite","@id":"https:\/\/playaychalet.de\/#website","url":"https:\/\/playaychalet.de\/","name":"Playa y Chalet","description":"","potentialAction":[{"@type":"SearchAction","target":{"@type":"EntryPoint","urlTemplate":"https:\/\/playaychalet.de\/?s={search_term_string}"},"query-input":"required name=search_term_string"}],"inLanguage":"en-US"}]}},"_links":{"self":[{"href":"https:\/\/playaychalet.de\/en\/wp-json\/wp\/v2\/product\/1049"}],"collection":[{"href":"https:\/\/playaychalet.de\/en\/wp-json\/wp\/v2\/product"}],"about":[{"href":"https:\/\/playaychalet.de\/en\/wp-json\/wp\/v2\/types\/product"}],"wp:featuredmedia":[{"embeddable":true,"href":"https:\/\/playaychalet.de\/en\/wp-json\/wp\/v2\/media\/1196"}],"wp:attachment":[{"href":"https:\/\/playaychalet.de\/en\/wp-json\/wp\/v2\/media?parent=1049"}],"wp:term":[{"taxonomy":"product_cat","embeddable":true,"href":"https:\/\/playaychalet.de\/en\/wp-json\/wp\/v2\/product_cat?post=1049"},{"taxonomy":"product_tag","embeddable":true,"href":"https:\/\/playaychalet.de\/en\/wp-json\/wp\/v2\/product_tag?post=1049"}],"curies":[{"name":"wp","href":"https:\/\/api.w.org\/{rel}","templated":true}]}}