{"id":1620,"date":"2021-04-12T14:56:04","date_gmt":"2021-04-12T14:56:04","guid":{"rendered":"https:\/\/playaychalet.de\/?post_type=product&#038;p=1620"},"modified":"2025-09-22T16:30:24","modified_gmt":"2025-09-22T16:30:24","slug":"anhaenger-aus-maasai-glasperlen","status":"publish","type":"product","link":"https:\/\/playaychalet.de\/en\/shop\/anhaenger-aus-maasai-glasperlen\/","title":{"rendered":"Anh\u00e4nger aus Maasai-Glasperlen"},"content":{"rendered":"<section class=\"wpb-content-wrapper\"><p>[vc_row][vc_column][vc_column_text]Ein einziges Detail, das den ganzen Look bestimmt. In Sichtweite zum Kilimandscharo entsteht diese filigrane Handarbeit von Maasai Kunsthandwerkerinnen. Winzige Glasperlen werden auf Baumwollf\u00e4den gef\u00e4delt und auf Leder gestickt. In Taupe und Zanzibarsand die perfekte Verbindung zu Orten inmitten der Natur. Und vor allem nach Afrika.<\/p>\n<p>Unter dem Motto Kilimanjaro Snow &amp; Ice, wurden Glasperlen in Silber, Wei\u00df und Off-White zu einer k\u00fchlen Variante des Anh\u00e4ngers kombiniert. Traumhaft sch\u00f6n zu wei\u00dfem Leinen f\u00fcr einen sommerlich frischen all-white Look \u00e0 la Santorin, winterlich elegant zu silbergrauem Leinen und zu Kleidern im Farbton Zanzibarsand perfekt, um die Abende einer Safari besonders festlich zu genie\u00dfen.<\/p>\n<p><strong>*Wichtiger Hinweis:<\/strong> Die austauschbaren Anh\u00e4nger werden ohne die abgebildete Kette\/den abgebildeten Karabinerring geliefert. Falls Sie den Ring nicht bereits aus fr\u00fcheren Bestellungen haben, finden Sie ihn <a href=\"https:\/\/playaychalet.de\/shop\/karabiner\/\" rel=\"noopener noreferrer\">hier<\/a>.<\/p>\n<p><strong>Details:<\/strong><\/p>\n<ul>\n<li>Glasperlen gef\u00e4delt auf einen Baumwollfaden und gestickt auf Leder<\/li>\n<li>Handarbeit aus einem Sozialunternehmen in Tanzania<\/li>\n<li>die Anh\u00e4nger werden von unterschiedlichen Kunsthandwerkerinnen in 100% Handarbeit hergestellt. Daher ist jeder Anh\u00e4nger einmalig und kann sich vom abgebildeten Anh\u00e4nger unterscheiden.<\/li>\n<\/ul>\n<p><strong>Farben:<\/strong><\/p>\n<ul>\n<li>Zanzibarsand<\/li>\n<li>Taupe<\/li>\n<li>Silber<\/li>\n<\/ul>\n<p>[\/vc_column_text][\/vc_column][\/vc_row]<\/p>\n<\/section>","protected":false},"excerpt":{"rendered":"<p>Anh\u00e4nger aus Tanzania f\u00fcr\u00a0Natur-Looks*<\/p>\n","protected":false},"featured_media":1746,"template":"","meta":[],"product_cat":[30,105,29],"product_tag":[111,120,110],"yoast_head":"<!-- This site is optimized with the Yoast SEO plugin v20.13 - https:\/\/yoast.com\/wordpress\/plugins\/seo\/ -->\n<title>Anh\u00e4nger aus Maasai-Glasperlen - Playa y Chalet<\/title>\n<meta name=\"robots\" content=\"index, follow, max-snippet:-1, max-image-preview:large, max-video-preview:-1\" \/>\n<link rel=\"canonical\" href=\"https:\/\/playaychalet.de\/shop\/anhaenger-aus-maasai-glasperlen\/\" \/>\n<meta property=\"og:locale\" content=\"en_US\" \/>\n<meta property=\"og:type\" content=\"article\" \/>\n<meta property=\"og:title\" content=\"Anh\u00e4nger aus Maasai-Glasperlen - Playa y Chalet\" \/>\n<meta property=\"og:description\" content=\"Anh\u00e4nger aus Tanzania f\u00fcr\u00a0Natur-Looks*\" \/>\n<meta property=\"og:url\" content=\"https:\/\/playaychalet.de\/shop\/anhaenger-aus-maasai-glasperlen\/\" \/>\n<meta property=\"og:site_name\" content=\"Playa y Chalet\" \/>\n<meta property=\"article:modified_time\" content=\"2025-09-22T16:30:24+00:00\" \/>\n<meta property=\"og:image\" content=\"https:\/\/playaychalet.de\/wp-content\/uploads\/2021\/10\/01_Maasai_PlayayChalet_x3_new.jpg\" \/>\n\t<meta property=\"og:image:width\" content=\"1980\" \/>\n\t<meta property=\"og:image:height\" content=\"1130\" \/>\n\t<meta property=\"og:image:type\" content=\"image\/jpeg\" \/>\n<meta name=\"twitter:card\" content=\"summary_large_image\" \/>\n<meta name=\"twitter:label1\" content=\"Est. reading time\" \/>\n\t<meta name=\"twitter:data1\" content=\"1 minute\" \/>\n<script type=\"application\/ld+json\" class=\"yoast-schema-graph\">{\"@context\":\"https:\/\/schema.org\",\"@graph\":[{\"@type\":\"WebPage\",\"@id\":\"https:\/\/playaychalet.de\/shop\/anhaenger-aus-maasai-glasperlen\/\",\"url\":\"https:\/\/playaychalet.de\/shop\/anhaenger-aus-maasai-glasperlen\/\",\"name\":\"Anh\u00e4nger aus Maasai-Glasperlen - Playa y Chalet\",\"isPartOf\":{\"@id\":\"https:\/\/playaychalet.de\/#website\"},\"datePublished\":\"2021-04-12T14:56:04+00:00\",\"dateModified\":\"2025-09-22T16:30:24+00:00\",\"breadcrumb\":{\"@id\":\"https:\/\/playaychalet.de\/shop\/anhaenger-aus-maasai-glasperlen\/#breadcrumb\"},\"inLanguage\":\"en-US\",\"potentialAction\":[{\"@type\":\"ReadAction\",\"target\":[\"https:\/\/playaychalet.de\/shop\/anhaenger-aus-maasai-glasperlen\/\"]}]},{\"@type\":\"BreadcrumbList\",\"@id\":\"https:\/\/playaychalet.de\/shop\/anhaenger-aus-maasai-glasperlen\/#breadcrumb\",\"itemListElement\":[{\"@type\":\"ListItem\",\"position\":1,\"name\":\"Home\",\"item\":\"https:\/\/playaychalet.de\/\"},{\"@type\":\"ListItem\",\"position\":2,\"name\":\"Shop\",\"item\":\"https:\/\/playaychalet.de\/en\/shop-eng\/\"},{\"@type\":\"ListItem\",\"position\":3,\"name\":\"Anh\u00e4nger aus Maasai-Glasperlen\"}]},{\"@type\":\"WebSite\",\"@id\":\"https:\/\/playaychalet.de\/#website\",\"url\":\"https:\/\/playaychalet.de\/\",\"name\":\"Playa y Chalet\",\"description\":\"\",\"potentialAction\":[{\"@type\":\"SearchAction\",\"target\":{\"@type\":\"EntryPoint\",\"urlTemplate\":\"https:\/\/playaychalet.de\/?s={search_term_string}\"},\"query-input\":\"required name=search_term_string\"}],\"inLanguage\":\"en-US\"}]}<\/script>\n<!-- \/ Yoast SEO plugin. -->","yoast_head_json":{"title":"Anh\u00e4nger aus Maasai-Glasperlen - Playa y Chalet","robots":{"index":"index","follow":"follow","max-snippet":"max-snippet:-1","max-image-preview":"max-image-preview:large","max-video-preview":"max-video-preview:-1"},"canonical":"https:\/\/playaychalet.de\/shop\/anhaenger-aus-maasai-glasperlen\/","og_locale":"en_US","og_type":"article","og_title":"Anh\u00e4nger aus Maasai-Glasperlen - Playa y Chalet","og_description":"Anh\u00e4nger aus Tanzania f\u00fcr\u00a0Natur-Looks*","og_url":"https:\/\/playaychalet.de\/shop\/anhaenger-aus-maasai-glasperlen\/","og_site_name":"Playa y Chalet","article_modified_time":"2025-09-22T16:30:24+00:00","og_image":[{"width":1980,"height":1130,"url":"https:\/\/playaychalet.de\/wp-content\/uploads\/2021\/10\/01_Maasai_PlayayChalet_x3_new.jpg","type":"image\/jpeg"}],"twitter_card":"summary_large_image","twitter_misc":{"Est. reading time":"1 minute"},"schema":{"@context":"https:\/\/schema.org","@graph":[{"@type":"WebPage","@id":"https:\/\/playaychalet.de\/shop\/anhaenger-aus-maasai-glasperlen\/","url":"https:\/\/playaychalet.de\/shop\/anhaenger-aus-maasai-glasperlen\/","name":"Anh\u00e4nger aus Maasai-Glasperlen - Playa y Chalet","isPartOf":{"@id":"https:\/\/playaychalet.de\/#website"},"datePublished":"2021-04-12T14:56:04+00:00","dateModified":"2025-09-22T16:30:24+00:00","breadcrumb":{"@id":"https:\/\/playaychalet.de\/shop\/anhaenger-aus-maasai-glasperlen\/#breadcrumb"},"inLanguage":"en-US","potentialAction":[{"@type":"ReadAction","target":["https:\/\/playaychalet.de\/shop\/anhaenger-aus-maasai-glasperlen\/"]}]},{"@type":"BreadcrumbList","@id":"https:\/\/playaychalet.de\/shop\/anhaenger-aus-maasai-glasperlen\/#breadcrumb","itemListElement":[{"@type":"ListItem","position":1,"name":"Home","item":"https:\/\/playaychalet.de\/"},{"@type":"ListItem","position":2,"name":"Shop","item":"https:\/\/playaychalet.de\/en\/shop-eng\/"},{"@type":"ListItem","position":3,"name":"Anh\u00e4nger aus Maasai-Glasperlen"}]},{"@type":"WebSite","@id":"https:\/\/playaychalet.de\/#website","url":"https:\/\/playaychalet.de\/","name":"Playa y Chalet","description":"","potentialAction":[{"@type":"SearchAction","target":{"@type":"EntryPoint","urlTemplate":"https:\/\/playaychalet.de\/?s={search_term_string}"},"query-input":"required name=search_term_string"}],"inLanguage":"en-US"}]}},"_links":{"self":[{"href":"https:\/\/playaychalet.de\/en\/wp-json\/wp\/v2\/product\/1620"}],"collection":[{"href":"https:\/\/playaychalet.de\/en\/wp-json\/wp\/v2\/product"}],"about":[{"href":"https:\/\/playaychalet.de\/en\/wp-json\/wp\/v2\/types\/product"}],"wp:featuredmedia":[{"embeddable":true,"href":"https:\/\/playaychalet.de\/en\/wp-json\/wp\/v2\/media\/1746"}],"wp:attachment":[{"href":"https:\/\/playaychalet.de\/en\/wp-json\/wp\/v2\/media?parent=1620"}],"wp:term":[{"taxonomy":"product_cat","embeddable":true,"href":"https:\/\/playaychalet.de\/en\/wp-json\/wp\/v2\/product_cat?post=1620"},{"taxonomy":"product_tag","embeddable":true,"href":"https:\/\/playaychalet.de\/en\/wp-json\/wp\/v2\/product_tag?post=1620"}],"curies":[{"name":"wp","href":"https:\/\/api.w.org\/{rel}","templated":true}]}}