{"id":1626,"date":"2021-04-13T18:01:12","date_gmt":"2021-04-13T18:01:12","guid":{"rendered":"https:\/\/playaychalet.de\/?post_type=product&#038;p=1626"},"modified":"2022-08-26T15:32:30","modified_gmt":"2022-08-26T15:32:30","slug":"playa-no-1-zanzibarsand","status":"publish","type":"product","link":"https:\/\/playaychalet.de\/en\/shop\/playa-no-1-zanzibarsand\/","title":{"rendered":"Playa No. 1 Zanzibarsand"},"content":{"rendered":"<section class=\"wpb-content-wrapper\"><p>[vc_row][vc_column][vc_column_text]<\/p>\n<p class=\"p1\">PLAYA NO. 1 im Farbton Zanzibarsand kombiniert die elegante A-Linie mit feinstem, meliertem Hanf\/Leinen-Stoff aus der GOTS- und IVN-Best-zertifizierten Leinenweberei Vieb\u00f6ck und einem Futter aus zartem Bio-Batist. Ein Naturerlebnis auf der Haut. F\u00fcr einen entspannten Sundowner umgeben von Weinbergen oder zum Dinner mit Blick auf flackernde Windlichter und weite Landschaft. Ein sch\u00f6ner Kontrast zum matten Stoff sind Akzente in Gold und transparent funkelndes Bergkristall. Bei Afrika-Fernweh sind die in Tanzania von Maasai Kunsthandwerkerinnen hergestellten Glasperlen-Anh\u00e4nger die vollkommene Erg\u00e4nzung.<\/p>\n<p><strong>*Wichtiger Hinweis:<\/strong> Die austauschbaren Anh\u00e4nger\/Quasten sind nicht Bestandteil des Preises und der Lieferung f\u00fcr das Kleidungsst\u00fcck, das durch seinen Schnitt clean getragen werden kann.<\/p>\n<p><strong>Details: <\/strong><\/p>\n<ul>\n<li class=\"p1\">Hanf\/Leinen-Stoff mit Melierung in warmen Sandt\u00f6nen<\/li>\n<li class=\"p1\">3 Befestigungsm\u00f6glichkeiten f\u00fcr auswechselbare Anh\u00e4nger (als Abschluss\u00a0des herzf\u00f6rmigen Ausschnitts sowie in den seitlichen Schlitzen des Saums)<\/li>\n<li class=\"p1\">gef\u00fcttert mit Bio-Batist<\/li>\n<li class=\"p1\">zwei seitliche Eingrifftaschen<\/li>\n<li class=\"p1\">lange, ausgestellte \u00c4rmel<\/li>\n<li class=\"p1\">r\u00fcckseitiger Rei\u00dfverschluss in Stofffarbe<\/li>\n<\/ul>\n<p class=\"p1\"><strong>Material: <\/strong><\/p>\n<ul>\n<li class=\"p1\">59% Hanf, 41% Leinen<\/li>\n<li class=\"p1\">Futter: 100% Baumwolle<\/li>\n<\/ul>\n<p class=\"p1\">Made in Germany<\/p>\n<p class=\"p1\"><strong>Farbe: <\/strong><\/p>\n<ul>\n<li class=\"p1\">Zanzibarsand<\/li>\n<\/ul>\n<p class=\"p1\"><strong>Gr\u00f6\u00dfen:<\/strong><\/p>\n<ul>\n<li class=\"p1\">34\/36<\/li>\n<li class=\"p1\">38\/40<\/li>\n<li class=\"p1\">40\/42<\/li>\n<\/ul>\n<p><em>Ellen tr\u00e4gt Gr\u00f6\u00dfe 34\/36 und ist 1,70 m gro\u00df.<\/em><\/p>\n<p>[\/vc_column_text][\/vc_column][\/vc_row]<\/p>\n<\/section>","protected":false},"excerpt":{"rendered":"<p>Das A-Linienkleid in Hanf\/Leinen*<\/p>\n","protected":false},"featured_media":1892,"template":"","meta":[],"product_cat":[105,26],"product_tag":[112,110],"yoast_head":"<!-- This site is optimized with the Yoast SEO plugin v20.13 - https:\/\/yoast.com\/wordpress\/plugins\/seo\/ -->\n<title>Playa No. 1 Zanzibarsand - Playa y Chalet<\/title>\n<meta name=\"robots\" content=\"index, follow, max-snippet:-1, max-image-preview:large, max-video-preview:-1\" \/>\n<link rel=\"canonical\" href=\"https:\/\/playaychalet.de\/shop\/playa-no-1-zanzibarsand\/\" \/>\n<meta property=\"og:locale\" content=\"en_US\" \/>\n<meta property=\"og:type\" content=\"article\" \/>\n<meta property=\"og:title\" content=\"Playa No. 1 Zanzibarsand - Playa y Chalet\" \/>\n<meta property=\"og:description\" content=\"Das A-Linienkleid in Hanf\/Leinen*\" \/>\n<meta property=\"og:url\" content=\"https:\/\/playaychalet.de\/shop\/playa-no-1-zanzibarsand\/\" \/>\n<meta property=\"og:site_name\" content=\"Playa y Chalet\" \/>\n<meta property=\"article:modified_time\" content=\"2022-08-26T15:32:30+00:00\" \/>\n<meta property=\"og:image\" content=\"https:\/\/playaychalet.de\/wp-content\/uploads\/2021\/12\/Playa01_Zanzibarsand_new2.jpg\" \/>\n\t<meta property=\"og:image:width\" content=\"1980\" \/>\n\t<meta property=\"og:image:height\" content=\"1130\" \/>\n\t<meta property=\"og:image:type\" content=\"image\/jpeg\" \/>\n<meta name=\"twitter:card\" content=\"summary_large_image\" \/>\n<meta name=\"twitter:label1\" content=\"Est. reading time\" \/>\n\t<meta name=\"twitter:data1\" content=\"1 minute\" \/>\n<script type=\"application\/ld+json\" class=\"yoast-schema-graph\">{\"@context\":\"https:\/\/schema.org\",\"@graph\":[{\"@type\":\"WebPage\",\"@id\":\"https:\/\/playaychalet.de\/shop\/playa-no-1-zanzibarsand\/\",\"url\":\"https:\/\/playaychalet.de\/shop\/playa-no-1-zanzibarsand\/\",\"name\":\"Playa No. 1 Zanzibarsand - Playa y Chalet\",\"isPartOf\":{\"@id\":\"https:\/\/playaychalet.de\/#website\"},\"datePublished\":\"2021-04-13T18:01:12+00:00\",\"dateModified\":\"2022-08-26T15:32:30+00:00\",\"breadcrumb\":{\"@id\":\"https:\/\/playaychalet.de\/shop\/playa-no-1-zanzibarsand\/#breadcrumb\"},\"inLanguage\":\"en-US\",\"potentialAction\":[{\"@type\":\"ReadAction\",\"target\":[\"https:\/\/playaychalet.de\/shop\/playa-no-1-zanzibarsand\/\"]}]},{\"@type\":\"BreadcrumbList\",\"@id\":\"https:\/\/playaychalet.de\/shop\/playa-no-1-zanzibarsand\/#breadcrumb\",\"itemListElement\":[{\"@type\":\"ListItem\",\"position\":1,\"name\":\"Home\",\"item\":\"https:\/\/playaychalet.de\/\"},{\"@type\":\"ListItem\",\"position\":2,\"name\":\"Shop\",\"item\":\"https:\/\/playaychalet.de\/en\/shop-eng\/\"},{\"@type\":\"ListItem\",\"position\":3,\"name\":\"Playa No. 1 Zanzibarsand\"}]},{\"@type\":\"WebSite\",\"@id\":\"https:\/\/playaychalet.de\/#website\",\"url\":\"https:\/\/playaychalet.de\/\",\"name\":\"Playa y Chalet\",\"description\":\"\",\"potentialAction\":[{\"@type\":\"SearchAction\",\"target\":{\"@type\":\"EntryPoint\",\"urlTemplate\":\"https:\/\/playaychalet.de\/?s={search_term_string}\"},\"query-input\":\"required name=search_term_string\"}],\"inLanguage\":\"en-US\"}]}<\/script>\n<!-- \/ Yoast SEO plugin. -->","yoast_head_json":{"title":"Playa No. 1 Zanzibarsand - Playa y Chalet","robots":{"index":"index","follow":"follow","max-snippet":"max-snippet:-1","max-image-preview":"max-image-preview:large","max-video-preview":"max-video-preview:-1"},"canonical":"https:\/\/playaychalet.de\/shop\/playa-no-1-zanzibarsand\/","og_locale":"en_US","og_type":"article","og_title":"Playa No. 1 Zanzibarsand - Playa y Chalet","og_description":"Das A-Linienkleid in Hanf\/Leinen*","og_url":"https:\/\/playaychalet.de\/shop\/playa-no-1-zanzibarsand\/","og_site_name":"Playa y Chalet","article_modified_time":"2022-08-26T15:32:30+00:00","og_image":[{"width":1980,"height":1130,"url":"https:\/\/playaychalet.de\/wp-content\/uploads\/2021\/12\/Playa01_Zanzibarsand_new2.jpg","type":"image\/jpeg"}],"twitter_card":"summary_large_image","twitter_misc":{"Est. reading time":"1 minute"},"schema":{"@context":"https:\/\/schema.org","@graph":[{"@type":"WebPage","@id":"https:\/\/playaychalet.de\/shop\/playa-no-1-zanzibarsand\/","url":"https:\/\/playaychalet.de\/shop\/playa-no-1-zanzibarsand\/","name":"Playa No. 1 Zanzibarsand - Playa y Chalet","isPartOf":{"@id":"https:\/\/playaychalet.de\/#website"},"datePublished":"2021-04-13T18:01:12+00:00","dateModified":"2022-08-26T15:32:30+00:00","breadcrumb":{"@id":"https:\/\/playaychalet.de\/shop\/playa-no-1-zanzibarsand\/#breadcrumb"},"inLanguage":"en-US","potentialAction":[{"@type":"ReadAction","target":["https:\/\/playaychalet.de\/shop\/playa-no-1-zanzibarsand\/"]}]},{"@type":"BreadcrumbList","@id":"https:\/\/playaychalet.de\/shop\/playa-no-1-zanzibarsand\/#breadcrumb","itemListElement":[{"@type":"ListItem","position":1,"name":"Home","item":"https:\/\/playaychalet.de\/"},{"@type":"ListItem","position":2,"name":"Shop","item":"https:\/\/playaychalet.de\/en\/shop-eng\/"},{"@type":"ListItem","position":3,"name":"Playa No. 1 Zanzibarsand"}]},{"@type":"WebSite","@id":"https:\/\/playaychalet.de\/#website","url":"https:\/\/playaychalet.de\/","name":"Playa y Chalet","description":"","potentialAction":[{"@type":"SearchAction","target":{"@type":"EntryPoint","urlTemplate":"https:\/\/playaychalet.de\/?s={search_term_string}"},"query-input":"required name=search_term_string"}],"inLanguage":"en-US"}]}},"_links":{"self":[{"href":"https:\/\/playaychalet.de\/en\/wp-json\/wp\/v2\/product\/1626"}],"collection":[{"href":"https:\/\/playaychalet.de\/en\/wp-json\/wp\/v2\/product"}],"about":[{"href":"https:\/\/playaychalet.de\/en\/wp-json\/wp\/v2\/types\/product"}],"wp:featuredmedia":[{"embeddable":true,"href":"https:\/\/playaychalet.de\/en\/wp-json\/wp\/v2\/media\/1892"}],"wp:attachment":[{"href":"https:\/\/playaychalet.de\/en\/wp-json\/wp\/v2\/media?parent=1626"}],"wp:term":[{"taxonomy":"product_cat","embeddable":true,"href":"https:\/\/playaychalet.de\/en\/wp-json\/wp\/v2\/product_cat?post=1626"},{"taxonomy":"product_tag","embeddable":true,"href":"https:\/\/playaychalet.de\/en\/wp-json\/wp\/v2\/product_tag?post=1626"}],"curies":[{"name":"wp","href":"https:\/\/api.w.org\/{rel}","templated":true}]}}