{"id":1759,"date":"2021-10-25T07:44:33","date_gmt":"2021-10-25T07:44:33","guid":{"rendered":"https:\/\/playaychalet.de\/?post_type=product&#038;p=1759"},"modified":"2025-09-22T16:30:24","modified_gmt":"2025-09-22T16:30:24","slug":"armband-maasai-glasperlen","status":"publish","type":"product","link":"https:\/\/playaychalet.de\/en\/shop\/armband-maasai-glasperlen\/","title":{"rendered":"Armband Maasai-Glasperlen"},"content":{"rendered":"<section class=\"wpb-content-wrapper\"><p>[vc_row][vc_column][vc_column_text]<\/p>\n<p class=\"p1\">Was f\u00fcr eine Kombination! L\u00e4ssig, nat\u00fcrlich, elegant. Und der Look von Afrika. Sandfarbene matte Glasperlen, schimmernde elfenbein- und goldfarbene Perlen und die l\u00e4ssige Lederschn\u00fcrung entf\u00fchren nach Afrika. In Tanzania wird dieses Schmuckst\u00fcck in Sichtweite zum Kilimandscharo von Maasai Kunsthandwerkerinnen gefertigt. Kombiniert mit dem passenden Anh\u00e4nger und unseren Modellen aus Hanf\/Leinen-Stoff, entsteht ein \u00fcberw\u00e4ltigender Fernweh-Look. Und in Verbindung mit wei\u00dfem Leinen: festliche Dinner-Stimmung.<\/p>\n<p class=\"p1\"><strong>Kilimanjaro Snow &amp; Ice<\/strong> &#8211; unter diesem Motto entstand die k\u00fchle Variante des Armbands in den Farben Silber, Wei\u00df und Off-White. Die transparenten Glasperlen strahlen im Licht wie Eiskristalle und machen das Armband zum perfekten Sommer- wie Winteraccessoire: grandios f\u00fcr warme Sommern\u00e4chte \u00e0 la Santorin mit wei\u00dfem Leinen kombiniert oder festlich mit silbergrauem Leinen zum alpinen Candlelight-Dinner.<\/p>\n<p><strong>Details:<\/strong><\/p>\n<ul>\n<li>Glasperlen gef\u00e4delt auf einen Baumwollfaden und gestickt auf zartes Leder<\/li>\n<li>one size, Breite 5 cm, L\u00e4nge 14 cm zzgl. flexibel verl\u00e4ngerbarem Verschluss<\/li>\n<li>Verschluss: gekreuzte Lederb\u00e4nder mit Sterling Silber, die flexibel an den Umfang des Handgelenks angepasst werden k\u00f6nnen<\/li>\n<li>Handarbeit aus einem Sozialunternehmen in Tanzania<\/li>\n<li>die Armb\u00e4nder werden von unterschiedlichen Kunsthandwerkerinnen in 100% Handarbeit hergestellt. Daher ist jedes Schmuckst\u00fcck einmalig und kann sich vom abgebildeten Armband unterscheiden.<\/li>\n<\/ul>\n<p class=\"p1\"><strong>Varianten:<\/strong><\/p>\n<ul>\n<li class=\"p1\">Zanzibarsand<\/li>\n<li class=\"p1\">Silber<\/li>\n<\/ul>\n<p>[\/vc_column_text][\/vc_column][\/vc_row]<\/p>\n<\/section>","protected":false},"excerpt":{"rendered":"<p class=\"p1\">Breites Armband aus Tanzania<\/p>\n","protected":false},"featured_media":1768,"template":"","meta":[],"product_cat":[30,105,28],"product_tag":[111,120,110],"yoast_head":"<!-- This site is optimized with the Yoast SEO plugin v20.13 - https:\/\/yoast.com\/wordpress\/plugins\/seo\/ -->\n<title>Armband Maasai-Glasperlen - Playa y Chalet<\/title>\n<meta name=\"robots\" content=\"index, follow, max-snippet:-1, max-image-preview:large, max-video-preview:-1\" \/>\n<link rel=\"canonical\" href=\"https:\/\/playaychalet.de\/shop\/armband-maasai-glasperlen\/\" \/>\n<meta property=\"og:locale\" content=\"en_US\" \/>\n<meta property=\"og:type\" content=\"article\" \/>\n<meta property=\"og:title\" content=\"Armband Maasai-Glasperlen - Playa y Chalet\" \/>\n<meta property=\"og:description\" content=\"Breites Armband aus Tanzania\" \/>\n<meta property=\"og:url\" content=\"https:\/\/playaychalet.de\/shop\/armband-maasai-glasperlen\/\" \/>\n<meta property=\"og:site_name\" content=\"Playa y Chalet\" \/>\n<meta property=\"article:modified_time\" content=\"2025-09-22T16:30:24+00:00\" \/>\n<meta property=\"og:image\" content=\"https:\/\/playaychalet.de\/wp-content\/uploads\/2021\/10\/04_Armband_Maasai.jpg\" \/>\n\t<meta property=\"og:image:width\" content=\"1980\" \/>\n\t<meta property=\"og:image:height\" content=\"1130\" \/>\n\t<meta property=\"og:image:type\" content=\"image\/jpeg\" \/>\n<meta name=\"twitter:card\" content=\"summary_large_image\" \/>\n<meta name=\"twitter:label1\" content=\"Est. reading time\" \/>\n\t<meta name=\"twitter:data1\" content=\"1 minute\" \/>\n<script type=\"application\/ld+json\" class=\"yoast-schema-graph\">{\"@context\":\"https:\/\/schema.org\",\"@graph\":[{\"@type\":\"WebPage\",\"@id\":\"https:\/\/playaychalet.de\/shop\/armband-maasai-glasperlen\/\",\"url\":\"https:\/\/playaychalet.de\/shop\/armband-maasai-glasperlen\/\",\"name\":\"Armband Maasai-Glasperlen - Playa y Chalet\",\"isPartOf\":{\"@id\":\"https:\/\/playaychalet.de\/#website\"},\"datePublished\":\"2021-10-25T07:44:33+00:00\",\"dateModified\":\"2025-09-22T16:30:24+00:00\",\"breadcrumb\":{\"@id\":\"https:\/\/playaychalet.de\/shop\/armband-maasai-glasperlen\/#breadcrumb\"},\"inLanguage\":\"en-US\",\"potentialAction\":[{\"@type\":\"ReadAction\",\"target\":[\"https:\/\/playaychalet.de\/shop\/armband-maasai-glasperlen\/\"]}]},{\"@type\":\"BreadcrumbList\",\"@id\":\"https:\/\/playaychalet.de\/shop\/armband-maasai-glasperlen\/#breadcrumb\",\"itemListElement\":[{\"@type\":\"ListItem\",\"position\":1,\"name\":\"Home\",\"item\":\"https:\/\/playaychalet.de\/\"},{\"@type\":\"ListItem\",\"position\":2,\"name\":\"Shop\",\"item\":\"https:\/\/playaychalet.de\/en\/shop-eng\/\"},{\"@type\":\"ListItem\",\"position\":3,\"name\":\"Armband Maasai-Glasperlen\"}]},{\"@type\":\"WebSite\",\"@id\":\"https:\/\/playaychalet.de\/#website\",\"url\":\"https:\/\/playaychalet.de\/\",\"name\":\"Playa y Chalet\",\"description\":\"\",\"potentialAction\":[{\"@type\":\"SearchAction\",\"target\":{\"@type\":\"EntryPoint\",\"urlTemplate\":\"https:\/\/playaychalet.de\/?s={search_term_string}\"},\"query-input\":\"required name=search_term_string\"}],\"inLanguage\":\"en-US\"}]}<\/script>\n<!-- \/ Yoast SEO plugin. -->","yoast_head_json":{"title":"Armband Maasai-Glasperlen - Playa y Chalet","robots":{"index":"index","follow":"follow","max-snippet":"max-snippet:-1","max-image-preview":"max-image-preview:large","max-video-preview":"max-video-preview:-1"},"canonical":"https:\/\/playaychalet.de\/shop\/armband-maasai-glasperlen\/","og_locale":"en_US","og_type":"article","og_title":"Armband Maasai-Glasperlen - Playa y Chalet","og_description":"Breites Armband aus Tanzania","og_url":"https:\/\/playaychalet.de\/shop\/armband-maasai-glasperlen\/","og_site_name":"Playa y Chalet","article_modified_time":"2025-09-22T16:30:24+00:00","og_image":[{"width":1980,"height":1130,"url":"https:\/\/playaychalet.de\/wp-content\/uploads\/2021\/10\/04_Armband_Maasai.jpg","type":"image\/jpeg"}],"twitter_card":"summary_large_image","twitter_misc":{"Est. reading time":"1 minute"},"schema":{"@context":"https:\/\/schema.org","@graph":[{"@type":"WebPage","@id":"https:\/\/playaychalet.de\/shop\/armband-maasai-glasperlen\/","url":"https:\/\/playaychalet.de\/shop\/armband-maasai-glasperlen\/","name":"Armband Maasai-Glasperlen - Playa y Chalet","isPartOf":{"@id":"https:\/\/playaychalet.de\/#website"},"datePublished":"2021-10-25T07:44:33+00:00","dateModified":"2025-09-22T16:30:24+00:00","breadcrumb":{"@id":"https:\/\/playaychalet.de\/shop\/armband-maasai-glasperlen\/#breadcrumb"},"inLanguage":"en-US","potentialAction":[{"@type":"ReadAction","target":["https:\/\/playaychalet.de\/shop\/armband-maasai-glasperlen\/"]}]},{"@type":"BreadcrumbList","@id":"https:\/\/playaychalet.de\/shop\/armband-maasai-glasperlen\/#breadcrumb","itemListElement":[{"@type":"ListItem","position":1,"name":"Home","item":"https:\/\/playaychalet.de\/"},{"@type":"ListItem","position":2,"name":"Shop","item":"https:\/\/playaychalet.de\/en\/shop-eng\/"},{"@type":"ListItem","position":3,"name":"Armband Maasai-Glasperlen"}]},{"@type":"WebSite","@id":"https:\/\/playaychalet.de\/#website","url":"https:\/\/playaychalet.de\/","name":"Playa y Chalet","description":"","potentialAction":[{"@type":"SearchAction","target":{"@type":"EntryPoint","urlTemplate":"https:\/\/playaychalet.de\/?s={search_term_string}"},"query-input":"required name=search_term_string"}],"inLanguage":"en-US"}]}},"_links":{"self":[{"href":"https:\/\/playaychalet.de\/en\/wp-json\/wp\/v2\/product\/1759"}],"collection":[{"href":"https:\/\/playaychalet.de\/en\/wp-json\/wp\/v2\/product"}],"about":[{"href":"https:\/\/playaychalet.de\/en\/wp-json\/wp\/v2\/types\/product"}],"wp:featuredmedia":[{"embeddable":true,"href":"https:\/\/playaychalet.de\/en\/wp-json\/wp\/v2\/media\/1768"}],"wp:attachment":[{"href":"https:\/\/playaychalet.de\/en\/wp-json\/wp\/v2\/media?parent=1759"}],"wp:term":[{"taxonomy":"product_cat","embeddable":true,"href":"https:\/\/playaychalet.de\/en\/wp-json\/wp\/v2\/product_cat?post=1759"},{"taxonomy":"product_tag","embeddable":true,"href":"https:\/\/playaychalet.de\/en\/wp-json\/wp\/v2\/product_tag?post=1759"}],"curies":[{"name":"wp","href":"https:\/\/api.w.org\/{rel}","templated":true}]}}