{"id":1779,"date":"2021-10-25T08:03:01","date_gmt":"2021-10-25T08:03:01","guid":{"rendered":"https:\/\/playaychalet.de\/?post_type=product&#038;p=1779"},"modified":"2025-09-22T16:30:24","modified_gmt":"2025-09-22T16:30:24","slug":"kette-aus-maasai-glasperlen","status":"publish","type":"product","link":"https:\/\/playaychalet.de\/en\/shop\/kette-aus-maasai-glasperlen\/","title":{"rendered":"Kette aus Maasai-Glasperlen"},"content":{"rendered":"<section class=\"wpb-content-wrapper\"><p>[vc_row][vc_column][vc_column_text]<\/p>\n<p class=\"p1\">Pur getragen oder als passende Kette zu den Maasai-Anh\u00e4ngern \u2013 beide Varianten sind wundersch\u00f6n! Pur ist die filigrane Kette aus winzigen Maasai-Glasperlen ein dezenter Schmuck auf Leinen, der den matten Stoff mit wenigen Lichtreflexen veredelt. Verl\u00e4ngert mit den passenden Maasai-Anh\u00e4ngern entsteht ein auff\u00e4llig sch\u00f6ner Halsschmuck f\u00fcr die Tunika.<\/p>\n<p class=\"p1\"><strong>Wichtiger Hinweis:<\/strong> Die Kette wird ohne den abgebildeten Anh\u00e4nger geliefert.<\/p>\n<p class=\"p1\"><strong>Details:<\/strong><\/p>\n<ul>\n<li class=\"p1\">Glasperlen gef\u00e4delt auf einen Baumwollfaden<\/li>\n<li class=\"p1\">Handarbeit aus einem Sozialunternehmen in Tanzania<\/li>\n<li class=\"p1\">die Ketten werden von unterschiedlichen Kunsthandwerkerinnen in 100% Handarbeit hergestellt. Daher ist jedes Schmuckst\u00fcck einmalig und kann sich von der abgebildeten Kette unterscheiden.<\/li>\n<\/ul>\n<p class=\"p1\"><strong>Varianten:<\/strong><\/p>\n<ul>\n<li><strong>Zanzibarsand<\/strong><\/li>\n<li class=\"p1\">passend zu Maasai-Anh\u00e4ngern in den Farben Zanzibarsand und in Taupe<\/li>\n<li class=\"p1\">Glasperlen in den Farben Elfenbein und Gold<\/li>\n<li class=\"p1\">L\u00e4nge 62 cm zzgl. 4 cm vergoldete Kettenverl\u00e4ngerung mit Federring-Verschluss<\/li>\n<\/ul>\n<p>&nbsp;<\/p>\n<ul>\n<li><strong>Silber<\/strong><\/li>\n<li class=\"p1\">passend zum Maasai-Anh\u00e4nger in der Farbe Silber<\/li>\n<li class=\"p1\">Glasperlen in den Farben Silber, Wei\u00df und Off-White<\/li>\n<li class=\"p1\">L\u00e4nge 62 cm zzgl. 4 cm Kettenverl\u00e4ngerung mit Karabiner aus Sterling Silber<\/li>\n<\/ul>\n<p>[\/vc_column_text][\/vc_column][\/vc_row]<\/p>\n<\/section>","protected":false},"excerpt":{"rendered":"<p class=\"p1\">Filigrane Maasai-Kette aus Tanzania<\/p>\n","protected":false},"featured_media":1782,"template":"","meta":[],"product_cat":[30,105,28],"product_tag":[111,120,110],"yoast_head":"<!-- This site is optimized with the Yoast SEO plugin v20.13 - https:\/\/yoast.com\/wordpress\/plugins\/seo\/ -->\n<title>Kette aus Maasai-Glasperlen - Playa y Chalet<\/title>\n<meta name=\"robots\" content=\"index, follow, max-snippet:-1, max-image-preview:large, max-video-preview:-1\" \/>\n<link rel=\"canonical\" href=\"https:\/\/playaychalet.de\/shop\/kette-aus-maasai-glasperlen\/\" \/>\n<meta property=\"og:locale\" content=\"en_US\" \/>\n<meta property=\"og:type\" content=\"article\" \/>\n<meta property=\"og:title\" content=\"Kette aus Maasai-Glasperlen - Playa y Chalet\" \/>\n<meta property=\"og:description\" content=\"Filigrane Maasai-Kette aus Tanzania\" \/>\n<meta property=\"og:url\" content=\"https:\/\/playaychalet.de\/shop\/kette-aus-maasai-glasperlen\/\" \/>\n<meta property=\"og:site_name\" content=\"Playa y Chalet\" \/>\n<meta property=\"article:modified_time\" content=\"2025-09-22T16:30:24+00:00\" \/>\n<meta property=\"og:image\" content=\"https:\/\/playaychalet.de\/wp-content\/uploads\/2021\/10\/01_Armband_Maasai-1.jpg\" \/>\n\t<meta property=\"og:image:width\" content=\"1980\" \/>\n\t<meta property=\"og:image:height\" content=\"1130\" \/>\n\t<meta property=\"og:image:type\" content=\"image\/jpeg\" \/>\n<meta name=\"twitter:card\" content=\"summary_large_image\" \/>\n<meta name=\"twitter:label1\" content=\"Est. reading time\" \/>\n\t<meta name=\"twitter:data1\" content=\"1 minute\" \/>\n<script type=\"application\/ld+json\" class=\"yoast-schema-graph\">{\"@context\":\"https:\/\/schema.org\",\"@graph\":[{\"@type\":\"WebPage\",\"@id\":\"https:\/\/playaychalet.de\/shop\/kette-aus-maasai-glasperlen\/\",\"url\":\"https:\/\/playaychalet.de\/shop\/kette-aus-maasai-glasperlen\/\",\"name\":\"Kette aus Maasai-Glasperlen - Playa y Chalet\",\"isPartOf\":{\"@id\":\"https:\/\/playaychalet.de\/#website\"},\"datePublished\":\"2021-10-25T08:03:01+00:00\",\"dateModified\":\"2025-09-22T16:30:24+00:00\",\"breadcrumb\":{\"@id\":\"https:\/\/playaychalet.de\/shop\/kette-aus-maasai-glasperlen\/#breadcrumb\"},\"inLanguage\":\"en-US\",\"potentialAction\":[{\"@type\":\"ReadAction\",\"target\":[\"https:\/\/playaychalet.de\/shop\/kette-aus-maasai-glasperlen\/\"]}]},{\"@type\":\"BreadcrumbList\",\"@id\":\"https:\/\/playaychalet.de\/shop\/kette-aus-maasai-glasperlen\/#breadcrumb\",\"itemListElement\":[{\"@type\":\"ListItem\",\"position\":1,\"name\":\"Home\",\"item\":\"https:\/\/playaychalet.de\/\"},{\"@type\":\"ListItem\",\"position\":2,\"name\":\"Shop\",\"item\":\"https:\/\/playaychalet.de\/en\/shop-eng\/\"},{\"@type\":\"ListItem\",\"position\":3,\"name\":\"Kette aus Maasai-Glasperlen\"}]},{\"@type\":\"WebSite\",\"@id\":\"https:\/\/playaychalet.de\/#website\",\"url\":\"https:\/\/playaychalet.de\/\",\"name\":\"Playa y Chalet\",\"description\":\"\",\"potentialAction\":[{\"@type\":\"SearchAction\",\"target\":{\"@type\":\"EntryPoint\",\"urlTemplate\":\"https:\/\/playaychalet.de\/?s={search_term_string}\"},\"query-input\":\"required name=search_term_string\"}],\"inLanguage\":\"en-US\"}]}<\/script>\n<!-- \/ Yoast SEO plugin. -->","yoast_head_json":{"title":"Kette aus Maasai-Glasperlen - Playa y Chalet","robots":{"index":"index","follow":"follow","max-snippet":"max-snippet:-1","max-image-preview":"max-image-preview:large","max-video-preview":"max-video-preview:-1"},"canonical":"https:\/\/playaychalet.de\/shop\/kette-aus-maasai-glasperlen\/","og_locale":"en_US","og_type":"article","og_title":"Kette aus Maasai-Glasperlen - Playa y Chalet","og_description":"Filigrane Maasai-Kette aus Tanzania","og_url":"https:\/\/playaychalet.de\/shop\/kette-aus-maasai-glasperlen\/","og_site_name":"Playa y Chalet","article_modified_time":"2025-09-22T16:30:24+00:00","og_image":[{"width":1980,"height":1130,"url":"https:\/\/playaychalet.de\/wp-content\/uploads\/2021\/10\/01_Armband_Maasai-1.jpg","type":"image\/jpeg"}],"twitter_card":"summary_large_image","twitter_misc":{"Est. reading time":"1 minute"},"schema":{"@context":"https:\/\/schema.org","@graph":[{"@type":"WebPage","@id":"https:\/\/playaychalet.de\/shop\/kette-aus-maasai-glasperlen\/","url":"https:\/\/playaychalet.de\/shop\/kette-aus-maasai-glasperlen\/","name":"Kette aus Maasai-Glasperlen - Playa y Chalet","isPartOf":{"@id":"https:\/\/playaychalet.de\/#website"},"datePublished":"2021-10-25T08:03:01+00:00","dateModified":"2025-09-22T16:30:24+00:00","breadcrumb":{"@id":"https:\/\/playaychalet.de\/shop\/kette-aus-maasai-glasperlen\/#breadcrumb"},"inLanguage":"en-US","potentialAction":[{"@type":"ReadAction","target":["https:\/\/playaychalet.de\/shop\/kette-aus-maasai-glasperlen\/"]}]},{"@type":"BreadcrumbList","@id":"https:\/\/playaychalet.de\/shop\/kette-aus-maasai-glasperlen\/#breadcrumb","itemListElement":[{"@type":"ListItem","position":1,"name":"Home","item":"https:\/\/playaychalet.de\/"},{"@type":"ListItem","position":2,"name":"Shop","item":"https:\/\/playaychalet.de\/en\/shop-eng\/"},{"@type":"ListItem","position":3,"name":"Kette aus Maasai-Glasperlen"}]},{"@type":"WebSite","@id":"https:\/\/playaychalet.de\/#website","url":"https:\/\/playaychalet.de\/","name":"Playa y Chalet","description":"","potentialAction":[{"@type":"SearchAction","target":{"@type":"EntryPoint","urlTemplate":"https:\/\/playaychalet.de\/?s={search_term_string}"},"query-input":"required name=search_term_string"}],"inLanguage":"en-US"}]}},"_links":{"self":[{"href":"https:\/\/playaychalet.de\/en\/wp-json\/wp\/v2\/product\/1779"}],"collection":[{"href":"https:\/\/playaychalet.de\/en\/wp-json\/wp\/v2\/product"}],"about":[{"href":"https:\/\/playaychalet.de\/en\/wp-json\/wp\/v2\/types\/product"}],"wp:featuredmedia":[{"embeddable":true,"href":"https:\/\/playaychalet.de\/en\/wp-json\/wp\/v2\/media\/1782"}],"wp:attachment":[{"href":"https:\/\/playaychalet.de\/en\/wp-json\/wp\/v2\/media?parent=1779"}],"wp:term":[{"taxonomy":"product_cat","embeddable":true,"href":"https:\/\/playaychalet.de\/en\/wp-json\/wp\/v2\/product_cat?post=1779"},{"taxonomy":"product_tag","embeddable":true,"href":"https:\/\/playaychalet.de\/en\/wp-json\/wp\/v2\/product_tag?post=1779"}],"curies":[{"name":"wp","href":"https:\/\/api.w.org\/{rel}","templated":true}]}}