{"id":1794,"date":"2021-10-25T08:20:08","date_gmt":"2021-10-25T08:20:08","guid":{"rendered":"https:\/\/playaychalet.de\/?post_type=product&#038;p=1794"},"modified":"2024-07-16T11:30:11","modified_gmt":"2024-07-16T11:30:11","slug":"grosse-ledertasche","status":"publish","type":"product","link":"https:\/\/playaychalet.de\/en\/shop\/grosse-ledertasche\/","title":{"rendered":"Gro\u00dfe Ledertasche"},"content":{"rendered":"<section class=\"wpb-content-wrapper\"><p>[vc_row][vc_column][vc_column_text]<img decoding=\"async\" loading=\"lazy\" class=\"alignnone wp-image-1920\" src=\"https:\/\/playaychalet.de\/wp-content\/uploads\/2021\/10\/PlayayChalet_Logo_Amigas-300x221.png\" alt=\"\" width=\"178\" height=\"131\" srcset=\"https:\/\/playaychalet.de\/wp-content\/uploads\/2021\/10\/PlayayChalet_Logo_Amigas-300x221.png 300w, https:\/\/playaychalet.de\/wp-content\/uploads\/2021\/10\/PlayayChalet_Logo_Amigas.png 454w\" sizes=\"(max-width: 178px) 100vw, 178px\" \/><\/p>\n<p class=\"p1\"><strong>PLAYA Y CHALET <em>AMIGAS<\/em>:<\/strong> So besonders wie der geliehene Pullover aus dem Schrank der besten Freundin: Modelle aus der Kollektion befreundeter Unternehmerinnen. Einf\u00fchlsam angepasst bis sie perfekt das Konzept von PLAYA Y CHALET vervollst\u00e4ndigen. Von der Handtasche aus dem sonnigen Alpenvorland bis zu w\u00e4rmenden Schals aus Hamburg.<\/p>\n<p class=\"p1\">&#8211;<\/p>\n<p class=\"p1\">Liebe auf den ersten Blick &#8211; die Tasche, die Handwerkskunst aus dem Alpenvorland und mediterrane Feriengef\u00fchle so einmalig und elegant miteinander kombiniert. Mit der Form und Gr\u00f6\u00dfe einer spanischen Strohtasche und dem auff\u00e4lligen Kreuzstich, ist die Tasche die perfekte Begleitung f\u00fcr unsere l\u00e4ssig eleganten Leinen-Modelle. Sie verstaut Zutaten und Souvenirs eines sch\u00f6nen Urlaubstags ebenso gro\u00dfz\u00fcgig wie w\u00e4rmende Schals f\u00fcr das ausgedehnte Terrassen-Dinner danach. Damit sich h\u00e4ufig Gesuchtes schnell findet, l\u00e4sst sich die Tasche weit \u00f6ffnen und sie verf\u00fcgt \u00fcber eine waschbare Innentasche aus stabil gewebter, sandfarbener Bio-Baumwolle.<\/p>\n<p class=\"p1\">Der <strong>f\u00fcr PLAYA Y CHALET exklusiv<\/strong> verarbeitete Farbton harmoniert perfekt mit unseren f\u00fcnf Farben und passt zu jeder Jahreszeit. Der Ton erinnert an dunklen Sand mit einem Hauch Ros\u00e9. Unter dem Tr\u00e4gerriemen ist versteckt eine Schlaufe angebracht, an der ein Karabiner und ein Anh\u00e4nger von PLAYA Y CHALET befestigt werden k\u00f6nnen.<\/p>\n<p class=\"p1\"><strong>Wichtiger Hinweis: <\/strong>Die Tasche wird ohne den abgebildeten Karabiner und Anh\u00e4nger geliefert. Falls Sie die Tasche dekorieren m\u00f6chten, finden Sie unter \u201eDas passt perfekt dazu\u201c unsere Vorschl\u00e4ge.<\/p>\n<p class=\"p1\"><strong>Herstellung:<\/strong> In reiner Handarbeit entsteht die Tasche im bayerischen Rosenheim in der Ledermanufaktur von Susann Risch und ihrem Vater Thomas Risch. Den Ingenieur und die Designerin verbindet die Leidenschaft f\u00fcr traditionelle Handwerkskunst, heimische Materialien und zeitlos funktionales Design. Und die gro\u00dfe Freude, gemeinsam Sch\u00f6nstes aus Leder herzustellen.<\/p>\n<p><strong>Hersteller:<\/strong> Risch Leatherbags, Sperberstra\u00dfe 7, 83101 Rohrdorf, www.risch-leatherbags.de<\/p>\n<p class=\"p1\"><strong>Material:<\/strong><\/p>\n<ul>\n<li class=\"p1\">100% Rindsleder<\/li>\n<li class=\"p1\">Innentasche: 100% Baumwolle<\/li>\n<\/ul>\n<p class=\"p1\">Made in Germany<\/p>\n<p class=\"p1\"><strong>Details:<\/strong><\/p>\n<ul>\n<li class=\"p1\">100% Handarbeit Made in Germany<\/li>\n<li class=\"p1\">variabel in Gr\u00f6\u00dfe\/Volumen: beide Ecken der Tasche lassen sich leicht ein- und ausklappen<\/li>\n<li class=\"p1\">Ma\u00dfe: L\u00e4nge 42 cm\/ 63 cm (ausgeklappt), H\u00f6he 29 cm, Breite: 18 cm<\/li>\n<li class=\"p1\">Ma\u00dfe der w\u00e4hlbaren Innentasche mit Rei\u00dfverschluss:<br \/>\n<strong>\u00a0S:<\/strong> 18 cm x 21 cm: Das passt hinein: kleine Brieftasche und Handy<br \/>\n<strong>\u00a0M:<\/strong> 18 cm x 25 cm x 7 cm: Das passt hinein: Tablet mini<br \/>\n<strong>\u00a0L: <\/strong>27 cm x 41cm x 9 cm: Das passt hinein: Laptop<\/li>\n<\/ul>\n<ul>\n<li class=\"p1\">die Innentasche wird mit Druckkn\u00f6pfen am Leder befestigt<\/li>\n<li class=\"p1\">Tr\u00e4gerl\u00e4nge: 56 cm<\/li>\n<li class=\"p1\">aus Naturmaterial und in 100% Handarbeit hergestellt. Daher ist jede Tasche einmalig und kann sich von der dargestellten Tasche im Ma\u00df und Farbton leicht unterscheiden.<\/li>\n<\/ul>\n<p class=\"p1\"><strong>Varianten &amp; Preis:<\/strong><\/p>\n<ul>\n<li class=\"p1\">Mit Innentasche S: 638,00 EUR<\/li>\n<li class=\"p1\">Mit Innentasche M: 668,00 EUR<\/li>\n<li class=\"p1\">Mit Innentasche L: 698,00 EUR<\/li>\n<\/ul>\n<p>[\/vc_column_text][\/vc_column][\/vc_row]<\/p>\n<\/section>","protected":false},"excerpt":{"rendered":"<p>Hommage an die spanische Strohtasche<br \/>\n<strong><i>Lieferzeit: bis zu 4 Wochen. Die Tasche wird nach Bestellung angefertigt.<\/i><\/strong><\/p>\n","protected":false},"featured_media":1918,"template":"","meta":[],"product_cat":[30,105,126],"product_tag":[110],"yoast_head":"<!-- This site is optimized with the Yoast SEO plugin v20.13 - https:\/\/yoast.com\/wordpress\/plugins\/seo\/ -->\n<title>Gro\u00dfe Ledertasche - Playa y Chalet<\/title>\n<meta name=\"robots\" content=\"index, follow, max-snippet:-1, max-image-preview:large, max-video-preview:-1\" \/>\n<link rel=\"canonical\" href=\"https:\/\/playaychalet.de\/shop\/grosse-ledertasche\/\" \/>\n<meta property=\"og:locale\" content=\"en_US\" \/>\n<meta property=\"og:type\" content=\"article\" \/>\n<meta property=\"og:title\" content=\"Gro\u00dfe Ledertasche - Playa y Chalet\" \/>\n<meta property=\"og:description\" content=\"Hommage an die spanische Strohtasche Lieferzeit: bis zu 4 Wochen. Die Tasche wird nach Bestellung angefertigt.\" \/>\n<meta property=\"og:url\" content=\"https:\/\/playaychalet.de\/shop\/grosse-ledertasche\/\" \/>\n<meta property=\"og:site_name\" content=\"Playa y Chalet\" \/>\n<meta property=\"article:modified_time\" content=\"2024-07-16T11:30:11+00:00\" \/>\n<meta property=\"og:image\" content=\"https:\/\/playaychalet.de\/wp-content\/uploads\/2021\/10\/PlayayChalet_Shop_Tasche_new2.jpg\" \/>\n\t<meta property=\"og:image:width\" content=\"1980\" \/>\n\t<meta property=\"og:image:height\" content=\"1130\" \/>\n\t<meta property=\"og:image:type\" content=\"image\/jpeg\" \/>\n<meta name=\"twitter:card\" content=\"summary_large_image\" \/>\n<meta name=\"twitter:label1\" content=\"Est. reading time\" \/>\n\t<meta name=\"twitter:data1\" content=\"3 minutes\" \/>\n<script type=\"application\/ld+json\" class=\"yoast-schema-graph\">{\"@context\":\"https:\/\/schema.org\",\"@graph\":[{\"@type\":\"WebPage\",\"@id\":\"https:\/\/playaychalet.de\/shop\/grosse-ledertasche\/\",\"url\":\"https:\/\/playaychalet.de\/shop\/grosse-ledertasche\/\",\"name\":\"Gro\u00dfe Ledertasche - Playa y Chalet\",\"isPartOf\":{\"@id\":\"https:\/\/playaychalet.de\/#website\"},\"datePublished\":\"2021-10-25T08:20:08+00:00\",\"dateModified\":\"2024-07-16T11:30:11+00:00\",\"breadcrumb\":{\"@id\":\"https:\/\/playaychalet.de\/shop\/grosse-ledertasche\/#breadcrumb\"},\"inLanguage\":\"en-US\",\"potentialAction\":[{\"@type\":\"ReadAction\",\"target\":[\"https:\/\/playaychalet.de\/shop\/grosse-ledertasche\/\"]}]},{\"@type\":\"BreadcrumbList\",\"@id\":\"https:\/\/playaychalet.de\/shop\/grosse-ledertasche\/#breadcrumb\",\"itemListElement\":[{\"@type\":\"ListItem\",\"position\":1,\"name\":\"Home\",\"item\":\"https:\/\/playaychalet.de\/\"},{\"@type\":\"ListItem\",\"position\":2,\"name\":\"Shop\",\"item\":\"https:\/\/playaychalet.de\/en\/shop-eng\/\"},{\"@type\":\"ListItem\",\"position\":3,\"name\":\"Gro\u00dfe Ledertasche\"}]},{\"@type\":\"WebSite\",\"@id\":\"https:\/\/playaychalet.de\/#website\",\"url\":\"https:\/\/playaychalet.de\/\",\"name\":\"Playa y Chalet\",\"description\":\"\",\"potentialAction\":[{\"@type\":\"SearchAction\",\"target\":{\"@type\":\"EntryPoint\",\"urlTemplate\":\"https:\/\/playaychalet.de\/?s={search_term_string}\"},\"query-input\":\"required name=search_term_string\"}],\"inLanguage\":\"en-US\"}]}<\/script>\n<!-- \/ Yoast SEO plugin. -->","yoast_head_json":{"title":"Gro\u00dfe Ledertasche - Playa y Chalet","robots":{"index":"index","follow":"follow","max-snippet":"max-snippet:-1","max-image-preview":"max-image-preview:large","max-video-preview":"max-video-preview:-1"},"canonical":"https:\/\/playaychalet.de\/shop\/grosse-ledertasche\/","og_locale":"en_US","og_type":"article","og_title":"Gro\u00dfe Ledertasche - Playa y Chalet","og_description":"Hommage an die spanische Strohtasche Lieferzeit: bis zu 4 Wochen. Die Tasche wird nach Bestellung angefertigt.","og_url":"https:\/\/playaychalet.de\/shop\/grosse-ledertasche\/","og_site_name":"Playa y Chalet","article_modified_time":"2024-07-16T11:30:11+00:00","og_image":[{"width":1980,"height":1130,"url":"https:\/\/playaychalet.de\/wp-content\/uploads\/2021\/10\/PlayayChalet_Shop_Tasche_new2.jpg","type":"image\/jpeg"}],"twitter_card":"summary_large_image","twitter_misc":{"Est. reading time":"3 minutes"},"schema":{"@context":"https:\/\/schema.org","@graph":[{"@type":"WebPage","@id":"https:\/\/playaychalet.de\/shop\/grosse-ledertasche\/","url":"https:\/\/playaychalet.de\/shop\/grosse-ledertasche\/","name":"Gro\u00dfe Ledertasche - Playa y Chalet","isPartOf":{"@id":"https:\/\/playaychalet.de\/#website"},"datePublished":"2021-10-25T08:20:08+00:00","dateModified":"2024-07-16T11:30:11+00:00","breadcrumb":{"@id":"https:\/\/playaychalet.de\/shop\/grosse-ledertasche\/#breadcrumb"},"inLanguage":"en-US","potentialAction":[{"@type":"ReadAction","target":["https:\/\/playaychalet.de\/shop\/grosse-ledertasche\/"]}]},{"@type":"BreadcrumbList","@id":"https:\/\/playaychalet.de\/shop\/grosse-ledertasche\/#breadcrumb","itemListElement":[{"@type":"ListItem","position":1,"name":"Home","item":"https:\/\/playaychalet.de\/"},{"@type":"ListItem","position":2,"name":"Shop","item":"https:\/\/playaychalet.de\/en\/shop-eng\/"},{"@type":"ListItem","position":3,"name":"Gro\u00dfe Ledertasche"}]},{"@type":"WebSite","@id":"https:\/\/playaychalet.de\/#website","url":"https:\/\/playaychalet.de\/","name":"Playa y Chalet","description":"","potentialAction":[{"@type":"SearchAction","target":{"@type":"EntryPoint","urlTemplate":"https:\/\/playaychalet.de\/?s={search_term_string}"},"query-input":"required name=search_term_string"}],"inLanguage":"en-US"}]}},"_links":{"self":[{"href":"https:\/\/playaychalet.de\/en\/wp-json\/wp\/v2\/product\/1794"}],"collection":[{"href":"https:\/\/playaychalet.de\/en\/wp-json\/wp\/v2\/product"}],"about":[{"href":"https:\/\/playaychalet.de\/en\/wp-json\/wp\/v2\/types\/product"}],"wp:featuredmedia":[{"embeddable":true,"href":"https:\/\/playaychalet.de\/en\/wp-json\/wp\/v2\/media\/1918"}],"wp:attachment":[{"href":"https:\/\/playaychalet.de\/en\/wp-json\/wp\/v2\/media?parent=1794"}],"wp:term":[{"taxonomy":"product_cat","embeddable":true,"href":"https:\/\/playaychalet.de\/en\/wp-json\/wp\/v2\/product_cat?post=1794"},{"taxonomy":"product_tag","embeddable":true,"href":"https:\/\/playaychalet.de\/en\/wp-json\/wp\/v2\/product_tag?post=1794"}],"curies":[{"name":"wp","href":"https:\/\/api.w.org\/{rel}","templated":true}]}}