{"id":888,"date":"2020-04-23T15:21:47","date_gmt":"2020-04-23T15:21:47","guid":{"rendered":"https:\/\/playaychalet.de\/?post_type=product&#038;p=888"},"modified":"2025-06-30T12:12:46","modified_gmt":"2025-06-30T12:12:46","slug":"playa-no-3","status":"publish","type":"product","link":"https:\/\/playaychalet.de\/en\/shop\/playa-no-3\/","title":{"rendered":"PLAYA No. 3"},"content":{"rendered":"<section class=\"wpb-content-wrapper\"><p>[vc_row][vc_column][vc_column_text]<\/p>\n<p class=\"p1\">Eine Verwandlungsk\u00fcnstlerin aus cleanem Schnitt und eleganter, schmaler L\u00e4nge. Am Morgen nur mit Bikini zum Fr\u00fchst\u00fcck unter Bambusschirmen, zum Kaffee am Hafen mit schmaler Jeans und am Abend mit hohem Bast-Plateau und wei\u00dfer Hose zur Blauen Stunde mit Meerblick. Warm eingeh\u00fcllt mit passender Kunstfellweste \u00fcberdauert die Tunika dann l\u00e4ssig die Wintersaison. Ganzj\u00e4hrig perfekt: die klare Front, um lange Ketten stilvoll zu kombinieren.<\/p>\n<p><strong>* Wichtiger Hinweis:<\/strong> Die austauschbaren Anh\u00e4nger\/Quasten sind nicht Bestandteil des Preises und der Lieferung f\u00fcr das Kleidungsst\u00fcck, das durch seinen Schnitt clean getragen werden kann.<\/p>\n<p class=\"p1\"><strong>Details:<\/strong><\/p>\n<ul>\n<li class=\"li1\">Leinen aus kontrolliert biologischem Anbau\/GOTS-zertifiziert<\/li>\n<li class=\"li1\">4 Befestigungsm\u00f6glichkeiten f\u00fcr auswechselbare Anh\u00e4nger (im Schlitz der \u00c4rmel sowie in den seitlichen Schlitzen des Saums)<\/li>\n<li class=\"li1\">r\u00fcckseitiger Rei\u00dfverschluss in Stofffarbe<\/li>\n<li class=\"li1\">durchgehende, vorderseitige Naht mit Schlitz am Halsausschnitt<\/li>\n<li class=\"li1\">lange, schmale \u00c4rmel<\/li>\n<li class=\"li1\">seitlich geschlitzt<\/li>\n<\/ul>\n<p class=\"p3\"><strong>Material:<\/strong><\/p>\n<ul>\n<li class=\"li1\">100% Leinen<\/li>\n<\/ul>\n<p class=\"p3\">Made in Germany<\/p>\n<p class=\"p1\"><strong>Farben:<\/strong><\/p>\n<ul>\n<li class=\"li1\">Silbergrau<\/li>\n<li class=\"li1\">Wei\u00df<\/li>\n<li class=\"li1\">Muschelrosa<\/li>\n<li class=\"li1\">Karibikblau<\/li>\n<\/ul>\n<p><strong>Gr\u00f6\u00dfen<\/strong><\/p>\n<ul>\n<li class=\"li1\">34\/36<\/li>\n<li class=\"li1\">38\/40<\/li>\n<li class=\"li1\">40\/42<\/li>\n<\/ul>\n<p><em>Anna tr\u00e4gt Gr\u00f6\u00dfe 34\/36 und ist 1,72 cm gro\u00df.<\/em>[\/vc_column_text][\/vc_column][\/vc_row]<\/p>\n<\/section>","protected":false},"excerpt":{"rendered":"<p>Leinentunika*<\/p>\n","protected":false},"featured_media":890,"template":"","meta":[],"product_cat":[105,26],"product_tag":[31],"yoast_head":"<!-- This site is optimized with the Yoast SEO plugin v20.13 - https:\/\/yoast.com\/wordpress\/plugins\/seo\/ -->\n<title>PLAYA No. 3 - Playa y Chalet<\/title>\n<meta name=\"robots\" content=\"index, follow, max-snippet:-1, max-image-preview:large, max-video-preview:-1\" \/>\n<link rel=\"canonical\" href=\"https:\/\/playaychalet.de\/en\/shop\/playa-no-3\/\" \/>\n<meta property=\"og:locale\" content=\"en_US\" \/>\n<meta property=\"og:type\" content=\"article\" \/>\n<meta property=\"og:title\" content=\"PLAYA No. 3 - Playa y Chalet\" \/>\n<meta property=\"og:description\" content=\"Leinentunika*\" \/>\n<meta property=\"og:url\" content=\"https:\/\/playaychalet.de\/en\/shop\/playa-no-3\/\" \/>\n<meta property=\"og:site_name\" content=\"Playa y Chalet\" \/>\n<meta property=\"article:modified_time\" content=\"2025-06-30T12:12:46+00:00\" \/>\n<meta property=\"og:image\" content=\"https:\/\/playaychalet.de\/wp-content\/uploads\/2020\/04\/01_4_PLAYA_No3_Weiss.jpg\" \/>\n\t<meta property=\"og:image:width\" content=\"1980\" \/>\n\t<meta property=\"og:image:height\" content=\"1130\" \/>\n\t<meta property=\"og:image:type\" content=\"image\/jpeg\" \/>\n<meta name=\"twitter:card\" content=\"summary_large_image\" \/>\n<meta name=\"twitter:label1\" content=\"Est. reading time\" \/>\n\t<meta name=\"twitter:data1\" content=\"1 minute\" \/>\n<script type=\"application\/ld+json\" class=\"yoast-schema-graph\">{\"@context\":\"https:\/\/schema.org\",\"@graph\":[{\"@type\":\"WebPage\",\"@id\":\"https:\/\/playaychalet.de\/en\/shop\/playa-no-3\/\",\"url\":\"https:\/\/playaychalet.de\/en\/shop\/playa-no-3\/\",\"name\":\"PLAYA No. 3 - Playa y Chalet\",\"isPartOf\":{\"@id\":\"https:\/\/playaychalet.de\/#website\"},\"datePublished\":\"2020-04-23T15:21:47+00:00\",\"dateModified\":\"2025-06-30T12:12:46+00:00\",\"breadcrumb\":{\"@id\":\"https:\/\/playaychalet.de\/en\/shop\/playa-no-3\/#breadcrumb\"},\"inLanguage\":\"en-US\",\"potentialAction\":[{\"@type\":\"ReadAction\",\"target\":[\"https:\/\/playaychalet.de\/en\/shop\/playa-no-3\/\"]}]},{\"@type\":\"BreadcrumbList\",\"@id\":\"https:\/\/playaychalet.de\/en\/shop\/playa-no-3\/#breadcrumb\",\"itemListElement\":[{\"@type\":\"ListItem\",\"position\":1,\"name\":\"Home\",\"item\":\"https:\/\/playaychalet.de\/\"},{\"@type\":\"ListItem\",\"position\":2,\"name\":\"Shop\",\"item\":\"https:\/\/playaychalet.de\/en\/shop-eng\/\"},{\"@type\":\"ListItem\",\"position\":3,\"name\":\"PLAYA No. 3\"}]},{\"@type\":\"WebSite\",\"@id\":\"https:\/\/playaychalet.de\/#website\",\"url\":\"https:\/\/playaychalet.de\/\",\"name\":\"Playa y Chalet\",\"description\":\"\",\"potentialAction\":[{\"@type\":\"SearchAction\",\"target\":{\"@type\":\"EntryPoint\",\"urlTemplate\":\"https:\/\/playaychalet.de\/?s={search_term_string}\"},\"query-input\":\"required name=search_term_string\"}],\"inLanguage\":\"en-US\"}]}<\/script>\n<!-- \/ Yoast SEO plugin. -->","yoast_head_json":{"title":"PLAYA No. 3 - Playa y Chalet","robots":{"index":"index","follow":"follow","max-snippet":"max-snippet:-1","max-image-preview":"max-image-preview:large","max-video-preview":"max-video-preview:-1"},"canonical":"https:\/\/playaychalet.de\/en\/shop\/playa-no-3\/","og_locale":"en_US","og_type":"article","og_title":"PLAYA No. 3 - Playa y Chalet","og_description":"Leinentunika*","og_url":"https:\/\/playaychalet.de\/en\/shop\/playa-no-3\/","og_site_name":"Playa y Chalet","article_modified_time":"2025-06-30T12:12:46+00:00","og_image":[{"width":1980,"height":1130,"url":"https:\/\/playaychalet.de\/wp-content\/uploads\/2020\/04\/01_4_PLAYA_No3_Weiss.jpg","type":"image\/jpeg"}],"twitter_card":"summary_large_image","twitter_misc":{"Est. reading time":"1 minute"},"schema":{"@context":"https:\/\/schema.org","@graph":[{"@type":"WebPage","@id":"https:\/\/playaychalet.de\/en\/shop\/playa-no-3\/","url":"https:\/\/playaychalet.de\/en\/shop\/playa-no-3\/","name":"PLAYA No. 3 - Playa y Chalet","isPartOf":{"@id":"https:\/\/playaychalet.de\/#website"},"datePublished":"2020-04-23T15:21:47+00:00","dateModified":"2025-06-30T12:12:46+00:00","breadcrumb":{"@id":"https:\/\/playaychalet.de\/en\/shop\/playa-no-3\/#breadcrumb"},"inLanguage":"en-US","potentialAction":[{"@type":"ReadAction","target":["https:\/\/playaychalet.de\/en\/shop\/playa-no-3\/"]}]},{"@type":"BreadcrumbList","@id":"https:\/\/playaychalet.de\/en\/shop\/playa-no-3\/#breadcrumb","itemListElement":[{"@type":"ListItem","position":1,"name":"Home","item":"https:\/\/playaychalet.de\/"},{"@type":"ListItem","position":2,"name":"Shop","item":"https:\/\/playaychalet.de\/en\/shop-eng\/"},{"@type":"ListItem","position":3,"name":"PLAYA No. 3"}]},{"@type":"WebSite","@id":"https:\/\/playaychalet.de\/#website","url":"https:\/\/playaychalet.de\/","name":"Playa y Chalet","description":"","potentialAction":[{"@type":"SearchAction","target":{"@type":"EntryPoint","urlTemplate":"https:\/\/playaychalet.de\/?s={search_term_string}"},"query-input":"required name=search_term_string"}],"inLanguage":"en-US"}]}},"_links":{"self":[{"href":"https:\/\/playaychalet.de\/en\/wp-json\/wp\/v2\/product\/888"}],"collection":[{"href":"https:\/\/playaychalet.de\/en\/wp-json\/wp\/v2\/product"}],"about":[{"href":"https:\/\/playaychalet.de\/en\/wp-json\/wp\/v2\/types\/product"}],"wp:featuredmedia":[{"embeddable":true,"href":"https:\/\/playaychalet.de\/en\/wp-json\/wp\/v2\/media\/890"}],"wp:attachment":[{"href":"https:\/\/playaychalet.de\/en\/wp-json\/wp\/v2\/media?parent=888"}],"wp:term":[{"taxonomy":"product_cat","embeddable":true,"href":"https:\/\/playaychalet.de\/en\/wp-json\/wp\/v2\/product_cat?post=888"},{"taxonomy":"product_tag","embeddable":true,"href":"https:\/\/playaychalet.de\/en\/wp-json\/wp\/v2\/product_tag?post=888"}],"curies":[{"name":"wp","href":"https:\/\/api.w.org\/{rel}","templated":true}]}}