{"id":912,"date":"2020-04-23T15:37:47","date_gmt":"2020-04-23T15:37:47","guid":{"rendered":"https:\/\/playaychalet.de\/?post_type=product&#038;p=912"},"modified":"2025-09-22T16:30:24","modified_gmt":"2025-09-22T16:30:24","slug":"chalet-no-1-silbergrau","status":"publish","type":"product","link":"https:\/\/playaychalet.de\/en\/shop\/chalet-no-1-silbergrau\/","title":{"rendered":"CHALET No. 1 &#8211; Silbergrau"},"content":{"rendered":"<section class=\"wpb-content-wrapper\"><p>[vc_row][vc_column][vc_column_text]Die seidenweiche Weste aus luxuri\u00f6sem Kunstfell verwandelt Leinen passend zu einer Umgebung aus Zirbenholz, Horn und flackerndem Kaminfeuer. F\u00fcr den Blick von der Restaurantterrasse auf das Bergpanorama l\u00e4sst sich die Weste verschlie\u00dfen und bietet mit seitlichen Eingrifftaschen Platz zum W\u00e4rmen der H\u00e4nde. Und noch mehr Luxus: das farblich abgestimmte Futter ist aus <a href=\"https:\/\/playaychalet.de\/fair\/\" target=\"_blank\" rel=\"noopener noreferrer\">100% Bio-Peace-Silk<\/a>. Mit dem passenden, auswechselbaren Anh\u00e4nger aus Fell und Horn ist dieser Look bereit f\u00fcr den ersten Schnee.<\/p>\n<p><strong>Details:<\/strong><\/p>\n<ul>\n<li>sehr weiches Kunstfell, Florh\u00f6he: 22 mm<\/li>\n<li>farblich abgestimmtes Seidenfutter aus gewaltfreier Bio-Seide<\/li>\n<li>verschlie\u00dfbar durch einen Haken in Fellfarbe<\/li>\n<li>zwei seitliche Eingrifftaschen<\/li>\n<\/ul>\n<p><strong>Material:<\/strong><\/p>\n<ul>\n<li>100% Polyester<\/li>\n<li>Futter: 100% Seide<\/li>\n<\/ul>\n<p>Made in Germany<\/p>\n<p><strong>Gr\u00f6\u00dfen:<\/strong><\/p>\n<ul>\n<li>34\/36<\/li>\n<li>38\/40<\/li>\n<li>40\/42<\/li>\n<\/ul>\n<p><em>Anna tr\u00e4gt Gr\u00f6\u00dfe 38\/40 und ist 1,72 cm gro\u00df.<\/em>[\/vc_column_text][\/vc_column][\/vc_row]<\/p>\n<\/section>","protected":false},"excerpt":{"rendered":"<p>Kunstfellweste mit Futter aus Peace-Silk.<\/p>\n","protected":false},"featured_media":916,"template":"","meta":[],"product_cat":[105,26],"product_tag":[34,46],"yoast_head":"<!-- This site is optimized with the Yoast SEO plugin v20.13 - https:\/\/yoast.com\/wordpress\/plugins\/seo\/ -->\n<title>CHALET No. 1 - Silbergrau - Playa y Chalet<\/title>\n<meta name=\"robots\" content=\"index, follow, max-snippet:-1, max-image-preview:large, max-video-preview:-1\" \/>\n<link rel=\"canonical\" href=\"https:\/\/playaychalet.de\/shop\/chalet-no-1-silbergrau\/\" \/>\n<meta property=\"og:locale\" content=\"en_US\" \/>\n<meta property=\"og:type\" content=\"article\" \/>\n<meta property=\"og:title\" content=\"CHALET No. 1 - Silbergrau - Playa y Chalet\" \/>\n<meta property=\"og:description\" content=\"Kunstfellweste mit Futter aus Peace-Silk.\" \/>\n<meta property=\"og:url\" content=\"https:\/\/playaychalet.de\/shop\/chalet-no-1-silbergrau\/\" \/>\n<meta property=\"og:site_name\" content=\"Playa y Chalet\" \/>\n<meta property=\"article:modified_time\" content=\"2025-09-22T16:30:24+00:00\" \/>\n<meta property=\"og:image\" content=\"https:\/\/playaychalet.de\/wp-content\/uploads\/2020\/04\/01_5_CHALET_No1_GRAU.jpg\" \/>\n\t<meta property=\"og:image:width\" content=\"1980\" \/>\n\t<meta property=\"og:image:height\" content=\"1130\" \/>\n\t<meta property=\"og:image:type\" content=\"image\/jpeg\" \/>\n<meta name=\"twitter:card\" content=\"summary_large_image\" \/>\n<meta name=\"twitter:label1\" content=\"Est. reading time\" \/>\n\t<meta name=\"twitter:data1\" content=\"1 minute\" \/>\n<script type=\"application\/ld+json\" class=\"yoast-schema-graph\">{\"@context\":\"https:\/\/schema.org\",\"@graph\":[{\"@type\":\"WebPage\",\"@id\":\"https:\/\/playaychalet.de\/shop\/chalet-no-1-silbergrau\/\",\"url\":\"https:\/\/playaychalet.de\/shop\/chalet-no-1-silbergrau\/\",\"name\":\"CHALET No. 1 - Silbergrau - Playa y Chalet\",\"isPartOf\":{\"@id\":\"https:\/\/playaychalet.de\/#website\"},\"datePublished\":\"2020-04-23T15:37:47+00:00\",\"dateModified\":\"2025-09-22T16:30:24+00:00\",\"breadcrumb\":{\"@id\":\"https:\/\/playaychalet.de\/shop\/chalet-no-1-silbergrau\/#breadcrumb\"},\"inLanguage\":\"en-US\",\"potentialAction\":[{\"@type\":\"ReadAction\",\"target\":[\"https:\/\/playaychalet.de\/shop\/chalet-no-1-silbergrau\/\"]}]},{\"@type\":\"BreadcrumbList\",\"@id\":\"https:\/\/playaychalet.de\/shop\/chalet-no-1-silbergrau\/#breadcrumb\",\"itemListElement\":[{\"@type\":\"ListItem\",\"position\":1,\"name\":\"Home\",\"item\":\"https:\/\/playaychalet.de\/\"},{\"@type\":\"ListItem\",\"position\":2,\"name\":\"Shop\",\"item\":\"https:\/\/playaychalet.de\/en\/shop-eng\/\"},{\"@type\":\"ListItem\",\"position\":3,\"name\":\"CHALET No. 1 &#8211; Silbergrau\"}]},{\"@type\":\"WebSite\",\"@id\":\"https:\/\/playaychalet.de\/#website\",\"url\":\"https:\/\/playaychalet.de\/\",\"name\":\"Playa y Chalet\",\"description\":\"\",\"potentialAction\":[{\"@type\":\"SearchAction\",\"target\":{\"@type\":\"EntryPoint\",\"urlTemplate\":\"https:\/\/playaychalet.de\/?s={search_term_string}\"},\"query-input\":\"required name=search_term_string\"}],\"inLanguage\":\"en-US\"}]}<\/script>\n<!-- \/ Yoast SEO plugin. -->","yoast_head_json":{"title":"CHALET No. 1 - Silbergrau - Playa y Chalet","robots":{"index":"index","follow":"follow","max-snippet":"max-snippet:-1","max-image-preview":"max-image-preview:large","max-video-preview":"max-video-preview:-1"},"canonical":"https:\/\/playaychalet.de\/shop\/chalet-no-1-silbergrau\/","og_locale":"en_US","og_type":"article","og_title":"CHALET No. 1 - Silbergrau - Playa y Chalet","og_description":"Kunstfellweste mit Futter aus Peace-Silk.","og_url":"https:\/\/playaychalet.de\/shop\/chalet-no-1-silbergrau\/","og_site_name":"Playa y Chalet","article_modified_time":"2025-09-22T16:30:24+00:00","og_image":[{"width":1980,"height":1130,"url":"https:\/\/playaychalet.de\/wp-content\/uploads\/2020\/04\/01_5_CHALET_No1_GRAU.jpg","type":"image\/jpeg"}],"twitter_card":"summary_large_image","twitter_misc":{"Est. reading time":"1 minute"},"schema":{"@context":"https:\/\/schema.org","@graph":[{"@type":"WebPage","@id":"https:\/\/playaychalet.de\/shop\/chalet-no-1-silbergrau\/","url":"https:\/\/playaychalet.de\/shop\/chalet-no-1-silbergrau\/","name":"CHALET No. 1 - Silbergrau - Playa y Chalet","isPartOf":{"@id":"https:\/\/playaychalet.de\/#website"},"datePublished":"2020-04-23T15:37:47+00:00","dateModified":"2025-09-22T16:30:24+00:00","breadcrumb":{"@id":"https:\/\/playaychalet.de\/shop\/chalet-no-1-silbergrau\/#breadcrumb"},"inLanguage":"en-US","potentialAction":[{"@type":"ReadAction","target":["https:\/\/playaychalet.de\/shop\/chalet-no-1-silbergrau\/"]}]},{"@type":"BreadcrumbList","@id":"https:\/\/playaychalet.de\/shop\/chalet-no-1-silbergrau\/#breadcrumb","itemListElement":[{"@type":"ListItem","position":1,"name":"Home","item":"https:\/\/playaychalet.de\/"},{"@type":"ListItem","position":2,"name":"Shop","item":"https:\/\/playaychalet.de\/en\/shop-eng\/"},{"@type":"ListItem","position":3,"name":"CHALET No. 1 &#8211; Silbergrau"}]},{"@type":"WebSite","@id":"https:\/\/playaychalet.de\/#website","url":"https:\/\/playaychalet.de\/","name":"Playa y Chalet","description":"","potentialAction":[{"@type":"SearchAction","target":{"@type":"EntryPoint","urlTemplate":"https:\/\/playaychalet.de\/?s={search_term_string}"},"query-input":"required name=search_term_string"}],"inLanguage":"en-US"}]}},"_links":{"self":[{"href":"https:\/\/playaychalet.de\/en\/wp-json\/wp\/v2\/product\/912"}],"collection":[{"href":"https:\/\/playaychalet.de\/en\/wp-json\/wp\/v2\/product"}],"about":[{"href":"https:\/\/playaychalet.de\/en\/wp-json\/wp\/v2\/types\/product"}],"wp:featuredmedia":[{"embeddable":true,"href":"https:\/\/playaychalet.de\/en\/wp-json\/wp\/v2\/media\/916"}],"wp:attachment":[{"href":"https:\/\/playaychalet.de\/en\/wp-json\/wp\/v2\/media?parent=912"}],"wp:term":[{"taxonomy":"product_cat","embeddable":true,"href":"https:\/\/playaychalet.de\/en\/wp-json\/wp\/v2\/product_cat?post=912"},{"taxonomy":"product_tag","embeddable":true,"href":"https:\/\/playaychalet.de\/en\/wp-json\/wp\/v2\/product_tag?post=912"}],"curies":[{"name":"wp","href":"https:\/\/api.w.org\/{rel}","templated":true}]}}