{"id":922,"date":"2020-04-23T15:42:01","date_gmt":"2020-04-23T15:42:01","guid":{"rendered":"https:\/\/playaychalet.de\/?post_type=product&#038;p=922"},"modified":"2024-09-24T09:05:38","modified_gmt":"2024-09-24T09:05:38","slug":"chalet-no-1-puder","status":"publish","type":"product","link":"https:\/\/playaychalet.de\/en\/shop\/chalet-no-1-puder\/","title":{"rendered":"CHALET No. 1 &#8211; Puder"},"content":{"rendered":"<section class=\"wpb-content-wrapper\"><p>[vc_row][vc_column][vc_column_text]<\/p>\n<p class=\"p1\">Die Weste aus luxuri\u00f6sem, kuschligem Kunstfell wirkt mit einer Florh\u00f6he von 3 cm, cremewei\u00dfem Unterfell und puderfarbigen Fellspitzen sehr nat\u00fcrlich. Leinen in den Farben Wei\u00df und Muschelrosa verwandelt die Weste mit Stiefeln und dem farblich passenden Fellanh\u00e4nger mit Hirschhorn in einen pastelligen Wintertraum. Um beim Aperitif die letzten Sonnenstrahlen und den ersten Schnee drau\u00dfen zu genie\u00dfen, hat die Weste seitliche Eingrifftaschen und einen Haken zum Verschlie\u00dfen.<\/p>\n<p class=\"p1\"><strong>Details:<\/strong><\/p>\n<ul>\n<li class=\"li1\">sehr weiches Kunstfell mit cremewei\u00dfem Unterfell und puderfarbigen Spitzen, Florh\u00f6he: 30 mm<\/li>\n<li class=\"li1\">farblich abgestimmtes Seidenfutter aus gewaltfreier <a href=\"https:\/\/playaychalet.de\/fair\/\" target=\"_blank\" rel=\"noopener noreferrer\">Bio-Seide<\/a><\/li>\n<li class=\"li1\">verschlie\u00dfbar durch einen Haken in Fellfarbe<\/li>\n<li class=\"li1\">zwei seitliche Eingrifftaschen<\/li>\n<\/ul>\n<p><strong>Material:<\/strong><\/p>\n<ul>\n<li class=\"li1\">88% Polyacryl, 12% Polyester<\/li>\n<li class=\"li1\">Futter: 100% Seide<\/li>\n<\/ul>\n<p>Made in Germany<\/p>\n<p class=\"p1\"><strong>Gr\u00f6\u00dfen:<\/strong><\/p>\n<ul>\n<li class=\"li1\">34\/36<\/li>\n<li class=\"li1\">38\/40<\/li>\n<li class=\"li1\">40\/42<\/li>\n<\/ul>\n<p><em>Anna tr\u00e4gt Gr\u00f6\u00dfe 34\/36 und ist 1,72 cm gro\u00df.<\/em>[\/vc_column_text][\/vc_column][\/vc_row]<\/p>\n<\/section>","protected":false},"excerpt":{"rendered":"<p>Kunstfellweste mit Futter aus Peace-Silk<\/p>\n","protected":false},"featured_media":1212,"template":"","meta":[],"product_cat":[105,26],"product_tag":[34,46],"yoast_head":"<!-- This site is optimized with the Yoast SEO plugin v20.13 - https:\/\/yoast.com\/wordpress\/plugins\/seo\/ -->\n<title>CHALET No. 1 - Puder - Playa y Chalet<\/title>\n<meta name=\"robots\" content=\"index, follow, max-snippet:-1, max-image-preview:large, max-video-preview:-1\" \/>\n<link rel=\"canonical\" href=\"https:\/\/playaychalet.de\/shop\/chalet-no-1-puder\/\" \/>\n<meta property=\"og:locale\" content=\"en_US\" \/>\n<meta property=\"og:type\" content=\"article\" \/>\n<meta property=\"og:title\" content=\"CHALET No. 1 - Puder - Playa y Chalet\" \/>\n<meta property=\"og:description\" content=\"Kunstfellweste mit Futter aus Peace-Silk\" \/>\n<meta property=\"og:url\" content=\"https:\/\/playaychalet.de\/shop\/chalet-no-1-puder\/\" \/>\n<meta property=\"og:site_name\" content=\"Playa y Chalet\" \/>\n<meta property=\"article:modified_time\" content=\"2024-09-24T09:05:38+00:00\" \/>\n<meta property=\"og:image\" content=\"https:\/\/playaychalet.de\/wp-content\/uploads\/2020\/04\/Chalet_01_Puder_01.jpg\" \/>\n\t<meta property=\"og:image:width\" content=\"1980\" \/>\n\t<meta property=\"og:image:height\" content=\"1130\" \/>\n\t<meta property=\"og:image:type\" content=\"image\/jpeg\" \/>\n<meta name=\"twitter:card\" content=\"summary_large_image\" \/>\n<meta name=\"twitter:label1\" content=\"Est. reading time\" \/>\n\t<meta name=\"twitter:data1\" content=\"1 minute\" \/>\n<script type=\"application\/ld+json\" class=\"yoast-schema-graph\">{\"@context\":\"https:\/\/schema.org\",\"@graph\":[{\"@type\":\"WebPage\",\"@id\":\"https:\/\/playaychalet.de\/shop\/chalet-no-1-puder\/\",\"url\":\"https:\/\/playaychalet.de\/shop\/chalet-no-1-puder\/\",\"name\":\"CHALET No. 1 - Puder - Playa y Chalet\",\"isPartOf\":{\"@id\":\"https:\/\/playaychalet.de\/#website\"},\"datePublished\":\"2020-04-23T15:42:01+00:00\",\"dateModified\":\"2024-09-24T09:05:38+00:00\",\"breadcrumb\":{\"@id\":\"https:\/\/playaychalet.de\/shop\/chalet-no-1-puder\/#breadcrumb\"},\"inLanguage\":\"en-US\",\"potentialAction\":[{\"@type\":\"ReadAction\",\"target\":[\"https:\/\/playaychalet.de\/shop\/chalet-no-1-puder\/\"]}]},{\"@type\":\"BreadcrumbList\",\"@id\":\"https:\/\/playaychalet.de\/shop\/chalet-no-1-puder\/#breadcrumb\",\"itemListElement\":[{\"@type\":\"ListItem\",\"position\":1,\"name\":\"Home\",\"item\":\"https:\/\/playaychalet.de\/\"},{\"@type\":\"ListItem\",\"position\":2,\"name\":\"Shop\",\"item\":\"https:\/\/playaychalet.de\/en\/shop-eng\/\"},{\"@type\":\"ListItem\",\"position\":3,\"name\":\"CHALET No. 1 &#8211; Puder\"}]},{\"@type\":\"WebSite\",\"@id\":\"https:\/\/playaychalet.de\/#website\",\"url\":\"https:\/\/playaychalet.de\/\",\"name\":\"Playa y Chalet\",\"description\":\"\",\"potentialAction\":[{\"@type\":\"SearchAction\",\"target\":{\"@type\":\"EntryPoint\",\"urlTemplate\":\"https:\/\/playaychalet.de\/?s={search_term_string}\"},\"query-input\":\"required name=search_term_string\"}],\"inLanguage\":\"en-US\"}]}<\/script>\n<!-- \/ Yoast SEO plugin. -->","yoast_head_json":{"title":"CHALET No. 1 - Puder - Playa y Chalet","robots":{"index":"index","follow":"follow","max-snippet":"max-snippet:-1","max-image-preview":"max-image-preview:large","max-video-preview":"max-video-preview:-1"},"canonical":"https:\/\/playaychalet.de\/shop\/chalet-no-1-puder\/","og_locale":"en_US","og_type":"article","og_title":"CHALET No. 1 - Puder - Playa y Chalet","og_description":"Kunstfellweste mit Futter aus Peace-Silk","og_url":"https:\/\/playaychalet.de\/shop\/chalet-no-1-puder\/","og_site_name":"Playa y Chalet","article_modified_time":"2024-09-24T09:05:38+00:00","og_image":[{"width":1980,"height":1130,"url":"https:\/\/playaychalet.de\/wp-content\/uploads\/2020\/04\/Chalet_01_Puder_01.jpg","type":"image\/jpeg"}],"twitter_card":"summary_large_image","twitter_misc":{"Est. reading time":"1 minute"},"schema":{"@context":"https:\/\/schema.org","@graph":[{"@type":"WebPage","@id":"https:\/\/playaychalet.de\/shop\/chalet-no-1-puder\/","url":"https:\/\/playaychalet.de\/shop\/chalet-no-1-puder\/","name":"CHALET No. 1 - Puder - Playa y Chalet","isPartOf":{"@id":"https:\/\/playaychalet.de\/#website"},"datePublished":"2020-04-23T15:42:01+00:00","dateModified":"2024-09-24T09:05:38+00:00","breadcrumb":{"@id":"https:\/\/playaychalet.de\/shop\/chalet-no-1-puder\/#breadcrumb"},"inLanguage":"en-US","potentialAction":[{"@type":"ReadAction","target":["https:\/\/playaychalet.de\/shop\/chalet-no-1-puder\/"]}]},{"@type":"BreadcrumbList","@id":"https:\/\/playaychalet.de\/shop\/chalet-no-1-puder\/#breadcrumb","itemListElement":[{"@type":"ListItem","position":1,"name":"Home","item":"https:\/\/playaychalet.de\/"},{"@type":"ListItem","position":2,"name":"Shop","item":"https:\/\/playaychalet.de\/en\/shop-eng\/"},{"@type":"ListItem","position":3,"name":"CHALET No. 1 &#8211; Puder"}]},{"@type":"WebSite","@id":"https:\/\/playaychalet.de\/#website","url":"https:\/\/playaychalet.de\/","name":"Playa y Chalet","description":"","potentialAction":[{"@type":"SearchAction","target":{"@type":"EntryPoint","urlTemplate":"https:\/\/playaychalet.de\/?s={search_term_string}"},"query-input":"required name=search_term_string"}],"inLanguage":"en-US"}]}},"_links":{"self":[{"href":"https:\/\/playaychalet.de\/en\/wp-json\/wp\/v2\/product\/922"}],"collection":[{"href":"https:\/\/playaychalet.de\/en\/wp-json\/wp\/v2\/product"}],"about":[{"href":"https:\/\/playaychalet.de\/en\/wp-json\/wp\/v2\/types\/product"}],"wp:featuredmedia":[{"embeddable":true,"href":"https:\/\/playaychalet.de\/en\/wp-json\/wp\/v2\/media\/1212"}],"wp:attachment":[{"href":"https:\/\/playaychalet.de\/en\/wp-json\/wp\/v2\/media?parent=922"}],"wp:term":[{"taxonomy":"product_cat","embeddable":true,"href":"https:\/\/playaychalet.de\/en\/wp-json\/wp\/v2\/product_cat?post=922"},{"taxonomy":"product_tag","embeddable":true,"href":"https:\/\/playaychalet.de\/en\/wp-json\/wp\/v2\/product_tag?post=922"}],"curies":[{"name":"wp","href":"https:\/\/api.w.org\/{rel}","templated":true}]}}