{"id":930,"date":"2020-04-23T15:54:39","date_gmt":"2020-04-23T15:54:39","guid":{"rendered":"https:\/\/playaychalet.de\/?post_type=product&#038;p=930"},"modified":"2025-09-22T16:30:24","modified_gmt":"2025-09-22T16:30:24","slug":"sandale","status":"publish","type":"product","link":"https:\/\/playaychalet.de\/en\/shop\/sandale\/","title":{"rendered":"Sandale"},"content":{"rendered":"<section class=\"wpb-content-wrapper\"><p>[vc_row][vc_column][vc_column_text]Vom Fr\u00fchst\u00fcck an den Pool, vom SPA zum Lunch, vom Aperitif zur Tapas-Bar. Die Kombination aus chic, mediterran und himmlisch bequem sichert diesen Plateau-Espadrilles einen Platz im Urlaubskoffer. Die Espadrilles verbinden klassisch mediterranes Design aus Bast und Ziern\u00e4hten mit der Eleganz gekreuzter Riemen aus feinstem, elastischem Leder, die sanft silber- oder goldfarben schimmern \u2013 ein sch\u00f6ner Kontrast zu Leinen. Die gepolsterte Decksohle und die elastische Laufsohle sorgen f\u00fcr ein weiches Laufgef\u00fchl.<\/p>\n<p><strong>Details:<\/strong><\/p>\n<ul>\n<li>Plateausohle H\u00f6he 3,5 cm, aus Bast und Synthetik<\/li>\n<li>weich gepolsterte Decksohle<\/li>\n<li>Riemen aus weichem, elastischem Leder<\/li>\n<\/ul>\n<p><strong>Material:<\/strong><\/p>\n<ul>\n<li>Obermaterial: Leder<\/li>\n<li>Decksohle: Leder<\/li>\n<li>Laufsohle: Synthetik<\/li>\n<\/ul>\n<p>Made in Spain<\/p>\n<p><strong>Gr\u00f6\u00dfen:<\/strong> 36, 37, 38, 39, 40, 41.<\/p>\n<p><strong>Passform:<\/strong> Die \u00fcbliche Gr\u00f6\u00dfe w\u00e4hlen. Liegt diese zwischen zwei Gr\u00f6\u00dfen, w\u00e4hlen Sie die gr\u00f6\u00dfere Gr\u00f6\u00dfe.<\/p>\n<p><strong>Farben:<\/strong><\/p>\n<ul>\n<li>Silbergrau<\/li>\n<li>Gold<\/li>\n<li>Rosa<\/li>\n<\/ul>\n<p>[\/vc_column_text][\/vc_column][\/vc_row]<\/p>\n<\/section>","protected":false},"excerpt":{"rendered":"<p>Espadrille-Sandale mit gekreuzten Lederriemen<\/p>\n","protected":false},"featured_media":952,"template":"","meta":[],"product_cat":[30,105,27],"product_tag":[],"yoast_head":"<!-- This site is optimized with the Yoast SEO plugin v20.13 - https:\/\/yoast.com\/wordpress\/plugins\/seo\/ -->\n<title>Sandale - Playa y Chalet<\/title>\n<meta name=\"robots\" content=\"index, follow, max-snippet:-1, max-image-preview:large, max-video-preview:-1\" \/>\n<link rel=\"canonical\" href=\"https:\/\/playaychalet.de\/shop\/sandale\/\" \/>\n<meta property=\"og:locale\" content=\"en_US\" \/>\n<meta property=\"og:type\" content=\"article\" \/>\n<meta property=\"og:title\" content=\"Sandale - Playa y Chalet\" \/>\n<meta property=\"og:description\" content=\"Espadrille-Sandale mit gekreuzten Lederriemen\" \/>\n<meta property=\"og:url\" content=\"https:\/\/playaychalet.de\/shop\/sandale\/\" \/>\n<meta property=\"og:site_name\" content=\"Playa y Chalet\" \/>\n<meta property=\"article:modified_time\" content=\"2025-09-22T16:30:24+00:00\" \/>\n<meta property=\"og:image\" content=\"https:\/\/playaychalet.de\/wp-content\/uploads\/2020\/04\/02_6_SANDALE_ROSE.jpg\" \/>\n\t<meta property=\"og:image:width\" content=\"1980\" \/>\n\t<meta property=\"og:image:height\" content=\"1130\" \/>\n\t<meta property=\"og:image:type\" content=\"image\/jpeg\" \/>\n<meta name=\"twitter:card\" content=\"summary_large_image\" \/>\n<meta name=\"twitter:label1\" content=\"Est. reading time\" \/>\n\t<meta name=\"twitter:data1\" content=\"1 minute\" \/>\n<script type=\"application\/ld+json\" class=\"yoast-schema-graph\">{\"@context\":\"https:\/\/schema.org\",\"@graph\":[{\"@type\":\"WebPage\",\"@id\":\"https:\/\/playaychalet.de\/shop\/sandale\/\",\"url\":\"https:\/\/playaychalet.de\/shop\/sandale\/\",\"name\":\"Sandale - Playa y Chalet\",\"isPartOf\":{\"@id\":\"https:\/\/playaychalet.de\/#website\"},\"datePublished\":\"2020-04-23T15:54:39+00:00\",\"dateModified\":\"2025-09-22T16:30:24+00:00\",\"breadcrumb\":{\"@id\":\"https:\/\/playaychalet.de\/shop\/sandale\/#breadcrumb\"},\"inLanguage\":\"en-US\",\"potentialAction\":[{\"@type\":\"ReadAction\",\"target\":[\"https:\/\/playaychalet.de\/shop\/sandale\/\"]}]},{\"@type\":\"BreadcrumbList\",\"@id\":\"https:\/\/playaychalet.de\/shop\/sandale\/#breadcrumb\",\"itemListElement\":[{\"@type\":\"ListItem\",\"position\":1,\"name\":\"Home\",\"item\":\"https:\/\/playaychalet.de\/\"},{\"@type\":\"ListItem\",\"position\":2,\"name\":\"Shop\",\"item\":\"https:\/\/playaychalet.de\/en\/shop-eng\/\"},{\"@type\":\"ListItem\",\"position\":3,\"name\":\"Sandale\"}]},{\"@type\":\"WebSite\",\"@id\":\"https:\/\/playaychalet.de\/#website\",\"url\":\"https:\/\/playaychalet.de\/\",\"name\":\"Playa y Chalet\",\"description\":\"\",\"potentialAction\":[{\"@type\":\"SearchAction\",\"target\":{\"@type\":\"EntryPoint\",\"urlTemplate\":\"https:\/\/playaychalet.de\/?s={search_term_string}\"},\"query-input\":\"required name=search_term_string\"}],\"inLanguage\":\"en-US\"}]}<\/script>\n<!-- \/ Yoast SEO plugin. -->","yoast_head_json":{"title":"Sandale - Playa y Chalet","robots":{"index":"index","follow":"follow","max-snippet":"max-snippet:-1","max-image-preview":"max-image-preview:large","max-video-preview":"max-video-preview:-1"},"canonical":"https:\/\/playaychalet.de\/shop\/sandale\/","og_locale":"en_US","og_type":"article","og_title":"Sandale - Playa y Chalet","og_description":"Espadrille-Sandale mit gekreuzten Lederriemen","og_url":"https:\/\/playaychalet.de\/shop\/sandale\/","og_site_name":"Playa y Chalet","article_modified_time":"2025-09-22T16:30:24+00:00","og_image":[{"width":1980,"height":1130,"url":"https:\/\/playaychalet.de\/wp-content\/uploads\/2020\/04\/02_6_SANDALE_ROSE.jpg","type":"image\/jpeg"}],"twitter_card":"summary_large_image","twitter_misc":{"Est. reading time":"1 minute"},"schema":{"@context":"https:\/\/schema.org","@graph":[{"@type":"WebPage","@id":"https:\/\/playaychalet.de\/shop\/sandale\/","url":"https:\/\/playaychalet.de\/shop\/sandale\/","name":"Sandale - Playa y Chalet","isPartOf":{"@id":"https:\/\/playaychalet.de\/#website"},"datePublished":"2020-04-23T15:54:39+00:00","dateModified":"2025-09-22T16:30:24+00:00","breadcrumb":{"@id":"https:\/\/playaychalet.de\/shop\/sandale\/#breadcrumb"},"inLanguage":"en-US","potentialAction":[{"@type":"ReadAction","target":["https:\/\/playaychalet.de\/shop\/sandale\/"]}]},{"@type":"BreadcrumbList","@id":"https:\/\/playaychalet.de\/shop\/sandale\/#breadcrumb","itemListElement":[{"@type":"ListItem","position":1,"name":"Home","item":"https:\/\/playaychalet.de\/"},{"@type":"ListItem","position":2,"name":"Shop","item":"https:\/\/playaychalet.de\/en\/shop-eng\/"},{"@type":"ListItem","position":3,"name":"Sandale"}]},{"@type":"WebSite","@id":"https:\/\/playaychalet.de\/#website","url":"https:\/\/playaychalet.de\/","name":"Playa y Chalet","description":"","potentialAction":[{"@type":"SearchAction","target":{"@type":"EntryPoint","urlTemplate":"https:\/\/playaychalet.de\/?s={search_term_string}"},"query-input":"required name=search_term_string"}],"inLanguage":"en-US"}]}},"_links":{"self":[{"href":"https:\/\/playaychalet.de\/en\/wp-json\/wp\/v2\/product\/930"}],"collection":[{"href":"https:\/\/playaychalet.de\/en\/wp-json\/wp\/v2\/product"}],"about":[{"href":"https:\/\/playaychalet.de\/en\/wp-json\/wp\/v2\/types\/product"}],"wp:featuredmedia":[{"embeddable":true,"href":"https:\/\/playaychalet.de\/en\/wp-json\/wp\/v2\/media\/952"}],"wp:attachment":[{"href":"https:\/\/playaychalet.de\/en\/wp-json\/wp\/v2\/media?parent=930"}],"wp:term":[{"taxonomy":"product_cat","embeddable":true,"href":"https:\/\/playaychalet.de\/en\/wp-json\/wp\/v2\/product_cat?post=930"},{"taxonomy":"product_tag","embeddable":true,"href":"https:\/\/playaychalet.de\/en\/wp-json\/wp\/v2\/product_tag?post=930"}],"curies":[{"name":"wp","href":"https:\/\/api.w.org\/{rel}","templated":true}]}}