{"id":964,"date":"2020-04-28T16:27:15","date_gmt":"2020-04-28T16:27:15","guid":{"rendered":"https:\/\/playaychalet.de\/?post_type=product&#038;p=964"},"modified":"2024-05-21T10:39:21","modified_gmt":"2024-05-21T10:39:21","slug":"armband-andenopal","status":"publish","type":"product","link":"https:\/\/playaychalet.de\/en\/shop\/armband-andenopal\/","title":{"rendered":"ARMBAND Andenopal"},"content":{"rendered":"<section class=\"wpb-content-wrapper\"><p>[vc_row][vc_column][vc_column_text]Ein Armband wie vom Pink Sands Beach. Die Perlen aus Andenopal zeigen alle Schattierungen von Ros\u00e9, Vanille und Karamell. Das besondere Strandgef\u00fchl verleiht ein handgearbeiteter Fisch aus Andenopal.<\/p>\n<p><strong>Details:<\/strong><\/p>\n<ul>\n<li>Perlen aus Andenopal, 10 mm<\/li>\n<li>L\u00e4nge ca. 18 cm (variiert in Abh\u00e4ngigkeit von der Gr\u00f6\u00dfe des Fischs)<\/li>\n<li>elastisch durch ein Gummiband<\/li>\n<li>Logo-Anh\u00e4nger im Farbton Ros\u00e9gold<\/li>\n<li>Edelstein ist ein Naturprodukt und variiert in Maserung und Farbe. Der verwendete Andenopal zeigt unterschiedliche pastellige Farbt\u00f6ne und Maserungen. Da der Fisch handgearbeitet ist, gleicht kein Fisch in Gr\u00f6\u00dfe, Form und Farbe\/Maserung dem anderen. Jedes Armband ist daher ein Unikat und kann von der Abbildung abweichen.<\/li>\n<\/ul>\n<p>[\/vc_column_text][\/vc_column][\/vc_row]<\/p>\n<\/section>","protected":false},"excerpt":{"rendered":"<p>Armband aus Andenopal mit handgearbeitetem Fisch<\/p>\n","protected":false},"featured_media":967,"template":"","meta":[],"product_cat":[30,105,28],"product_tag":[104],"yoast_head":"<!-- This site is optimized with the Yoast SEO plugin v20.13 - https:\/\/yoast.com\/wordpress\/plugins\/seo\/ -->\n<title>ARMBAND Andenopal - Playa y Chalet<\/title>\n<meta name=\"robots\" content=\"index, follow, max-snippet:-1, max-image-preview:large, max-video-preview:-1\" \/>\n<link rel=\"canonical\" href=\"https:\/\/playaychalet.de\/shop\/armband-andenopal\/\" \/>\n<meta property=\"og:locale\" content=\"en_US\" \/>\n<meta property=\"og:type\" content=\"article\" \/>\n<meta property=\"og:title\" content=\"ARMBAND Andenopal - Playa y Chalet\" \/>\n<meta property=\"og:description\" content=\"Armband aus Andenopal mit handgearbeitetem Fisch\" \/>\n<meta property=\"og:url\" content=\"https:\/\/playaychalet.de\/shop\/armband-andenopal\/\" \/>\n<meta property=\"og:site_name\" content=\"Playa y Chalet\" \/>\n<meta property=\"article:modified_time\" content=\"2024-05-21T10:39:21+00:00\" \/>\n<meta property=\"og:image\" content=\"https:\/\/playaychalet.de\/wp-content\/uploads\/2020\/04\/01_7_190626_PLAYAyCHALET_1243.jpg\" \/>\n\t<meta property=\"og:image:width\" content=\"1980\" \/>\n\t<meta property=\"og:image:height\" content=\"1130\" \/>\n\t<meta property=\"og:image:type\" content=\"image\/jpeg\" \/>\n<meta name=\"twitter:card\" content=\"summary_large_image\" \/>\n<meta name=\"twitter:label1\" content=\"Est. reading time\" \/>\n\t<meta name=\"twitter:data1\" content=\"1 minute\" \/>\n<script type=\"application\/ld+json\" class=\"yoast-schema-graph\">{\"@context\":\"https:\/\/schema.org\",\"@graph\":[{\"@type\":\"WebPage\",\"@id\":\"https:\/\/playaychalet.de\/shop\/armband-andenopal\/\",\"url\":\"https:\/\/playaychalet.de\/shop\/armband-andenopal\/\",\"name\":\"ARMBAND Andenopal - Playa y Chalet\",\"isPartOf\":{\"@id\":\"https:\/\/playaychalet.de\/#website\"},\"datePublished\":\"2020-04-28T16:27:15+00:00\",\"dateModified\":\"2024-05-21T10:39:21+00:00\",\"breadcrumb\":{\"@id\":\"https:\/\/playaychalet.de\/shop\/armband-andenopal\/#breadcrumb\"},\"inLanguage\":\"en-US\",\"potentialAction\":[{\"@type\":\"ReadAction\",\"target\":[\"https:\/\/playaychalet.de\/shop\/armband-andenopal\/\"]}]},{\"@type\":\"BreadcrumbList\",\"@id\":\"https:\/\/playaychalet.de\/shop\/armband-andenopal\/#breadcrumb\",\"itemListElement\":[{\"@type\":\"ListItem\",\"position\":1,\"name\":\"Home\",\"item\":\"https:\/\/playaychalet.de\/\"},{\"@type\":\"ListItem\",\"position\":2,\"name\":\"Shop\",\"item\":\"https:\/\/playaychalet.de\/en\/shop-eng\/\"},{\"@type\":\"ListItem\",\"position\":3,\"name\":\"ARMBAND Andenopal\"}]},{\"@type\":\"WebSite\",\"@id\":\"https:\/\/playaychalet.de\/#website\",\"url\":\"https:\/\/playaychalet.de\/\",\"name\":\"Playa y Chalet\",\"description\":\"\",\"potentialAction\":[{\"@type\":\"SearchAction\",\"target\":{\"@type\":\"EntryPoint\",\"urlTemplate\":\"https:\/\/playaychalet.de\/?s={search_term_string}\"},\"query-input\":\"required name=search_term_string\"}],\"inLanguage\":\"en-US\"}]}<\/script>\n<!-- \/ Yoast SEO plugin. -->","yoast_head_json":{"title":"ARMBAND Andenopal - Playa y Chalet","robots":{"index":"index","follow":"follow","max-snippet":"max-snippet:-1","max-image-preview":"max-image-preview:large","max-video-preview":"max-video-preview:-1"},"canonical":"https:\/\/playaychalet.de\/shop\/armband-andenopal\/","og_locale":"en_US","og_type":"article","og_title":"ARMBAND Andenopal - Playa y Chalet","og_description":"Armband aus Andenopal mit handgearbeitetem Fisch","og_url":"https:\/\/playaychalet.de\/shop\/armband-andenopal\/","og_site_name":"Playa y Chalet","article_modified_time":"2024-05-21T10:39:21+00:00","og_image":[{"width":1980,"height":1130,"url":"https:\/\/playaychalet.de\/wp-content\/uploads\/2020\/04\/01_7_190626_PLAYAyCHALET_1243.jpg","type":"image\/jpeg"}],"twitter_card":"summary_large_image","twitter_misc":{"Est. reading time":"1 minute"},"schema":{"@context":"https:\/\/schema.org","@graph":[{"@type":"WebPage","@id":"https:\/\/playaychalet.de\/shop\/armband-andenopal\/","url":"https:\/\/playaychalet.de\/shop\/armband-andenopal\/","name":"ARMBAND Andenopal - Playa y Chalet","isPartOf":{"@id":"https:\/\/playaychalet.de\/#website"},"datePublished":"2020-04-28T16:27:15+00:00","dateModified":"2024-05-21T10:39:21+00:00","breadcrumb":{"@id":"https:\/\/playaychalet.de\/shop\/armband-andenopal\/#breadcrumb"},"inLanguage":"en-US","potentialAction":[{"@type":"ReadAction","target":["https:\/\/playaychalet.de\/shop\/armband-andenopal\/"]}]},{"@type":"BreadcrumbList","@id":"https:\/\/playaychalet.de\/shop\/armband-andenopal\/#breadcrumb","itemListElement":[{"@type":"ListItem","position":1,"name":"Home","item":"https:\/\/playaychalet.de\/"},{"@type":"ListItem","position":2,"name":"Shop","item":"https:\/\/playaychalet.de\/en\/shop-eng\/"},{"@type":"ListItem","position":3,"name":"ARMBAND Andenopal"}]},{"@type":"WebSite","@id":"https:\/\/playaychalet.de\/#website","url":"https:\/\/playaychalet.de\/","name":"Playa y Chalet","description":"","potentialAction":[{"@type":"SearchAction","target":{"@type":"EntryPoint","urlTemplate":"https:\/\/playaychalet.de\/?s={search_term_string}"},"query-input":"required name=search_term_string"}],"inLanguage":"en-US"}]}},"_links":{"self":[{"href":"https:\/\/playaychalet.de\/en\/wp-json\/wp\/v2\/product\/964"}],"collection":[{"href":"https:\/\/playaychalet.de\/en\/wp-json\/wp\/v2\/product"}],"about":[{"href":"https:\/\/playaychalet.de\/en\/wp-json\/wp\/v2\/types\/product"}],"wp:featuredmedia":[{"embeddable":true,"href":"https:\/\/playaychalet.de\/en\/wp-json\/wp\/v2\/media\/967"}],"wp:attachment":[{"href":"https:\/\/playaychalet.de\/en\/wp-json\/wp\/v2\/media?parent=964"}],"wp:term":[{"taxonomy":"product_cat","embeddable":true,"href":"https:\/\/playaychalet.de\/en\/wp-json\/wp\/v2\/product_cat?post=964"},{"taxonomy":"product_tag","embeddable":true,"href":"https:\/\/playaychalet.de\/en\/wp-json\/wp\/v2\/product_tag?post=964"}],"curies":[{"name":"wp","href":"https:\/\/api.w.org\/{rel}","templated":true}]}}