{"id":987,"date":"2020-04-28T16:38:07","date_gmt":"2020-04-28T16:38:07","guid":{"rendered":"https:\/\/playaychalet.de\/?post_type=product&#038;p=987"},"modified":"2025-09-22T16:30:24","modified_gmt":"2025-09-22T16:30:24","slug":"armband-mondstein-hirschhorn","status":"publish","type":"product","link":"https:\/\/playaychalet.de\/en\/shop\/armband-mondstein-hirschhorn\/","title":{"rendered":"ARMBAND Mondstein \/ Hirschhorn"},"content":{"rendered":"<p class=\"p1\">Alpiner Look im Handumdrehen. Das Wickelarmband kombiniert gletscherfarbene, k\u00fchl schimmernde Mondsteinperlen mit Hirschhorn-Herzen. \u00dcberstreifen und die Bergsaison ist er\u00f6ffnet!<\/p>\n<p class=\"p1\"><strong>Details:<\/strong><\/p>\n<ul>\n<li class=\"p1\">Perlen aus Mondstein (6 und 10 mm) von wei\u00df bis hellgrau<\/li>\n<li class=\"p1\">2 Herzen aus Hirschhorn<\/li>\n<li class=\"p1\">L\u00e4nge ca. 35,5 cm<\/li>\n<li class=\"p1\">elastisch durch ein Gummiband<\/li>\n<li class=\"p1\">Logo-Anh\u00e4nger im Farbton Ros\u00e9gold<\/li>\n<li class=\"p1\">Edelstein und Hirschhorn sind Naturprodukte und variieren in Maserung und Farbe. Jedes Armband ist daher ein Unikat und kann von der Abbildung abweichen.<\/li>\n<\/ul>\n","protected":false},"excerpt":{"rendered":"<p>Wickelarmband aus Mondstein mit Hirschhorn-Herzen<\/p>\n","protected":false},"featured_media":1181,"template":"","meta":[],"product_cat":[30,105,28],"product_tag":[98],"yoast_head":"<!-- This site is optimized with the Yoast SEO plugin v20.13 - https:\/\/yoast.com\/wordpress\/plugins\/seo\/ -->\n<title>ARMBAND Mondstein \/ Hirschhorn - Playa y Chalet<\/title>\n<meta name=\"robots\" content=\"index, follow, max-snippet:-1, max-image-preview:large, max-video-preview:-1\" \/>\n<link rel=\"canonical\" href=\"https:\/\/playaychalet.de\/shop\/armband-mondstein-hirschhorn\/\" \/>\n<meta property=\"og:locale\" content=\"en_US\" \/>\n<meta property=\"og:type\" content=\"article\" \/>\n<meta property=\"og:title\" content=\"ARMBAND Mondstein \/ Hirschhorn - Playa y Chalet\" \/>\n<meta property=\"og:description\" content=\"Wickelarmband aus Mondstein mit Hirschhorn-Herzen\" \/>\n<meta property=\"og:url\" content=\"https:\/\/playaychalet.de\/shop\/armband-mondstein-hirschhorn\/\" \/>\n<meta property=\"og:site_name\" content=\"Playa y Chalet\" \/>\n<meta property=\"article:modified_time\" content=\"2025-09-22T16:30:24+00:00\" \/>\n<meta property=\"og:image\" content=\"https:\/\/playaychalet.de\/wp-content\/uploads\/2020\/04\/Armand_Mond-Hirsch_01.jpg\" \/>\n\t<meta property=\"og:image:width\" content=\"1980\" \/>\n\t<meta property=\"og:image:height\" content=\"1130\" \/>\n\t<meta property=\"og:image:type\" content=\"image\/jpeg\" \/>\n<meta name=\"twitter:card\" content=\"summary_large_image\" \/>\n<script type=\"application\/ld+json\" class=\"yoast-schema-graph\">{\"@context\":\"https:\/\/schema.org\",\"@graph\":[{\"@type\":\"WebPage\",\"@id\":\"https:\/\/playaychalet.de\/shop\/armband-mondstein-hirschhorn\/\",\"url\":\"https:\/\/playaychalet.de\/shop\/armband-mondstein-hirschhorn\/\",\"name\":\"ARMBAND Mondstein \/ Hirschhorn - Playa y Chalet\",\"isPartOf\":{\"@id\":\"https:\/\/playaychalet.de\/#website\"},\"datePublished\":\"2020-04-28T16:38:07+00:00\",\"dateModified\":\"2025-09-22T16:30:24+00:00\",\"breadcrumb\":{\"@id\":\"https:\/\/playaychalet.de\/shop\/armband-mondstein-hirschhorn\/#breadcrumb\"},\"inLanguage\":\"en-US\",\"potentialAction\":[{\"@type\":\"ReadAction\",\"target\":[\"https:\/\/playaychalet.de\/shop\/armband-mondstein-hirschhorn\/\"]}]},{\"@type\":\"BreadcrumbList\",\"@id\":\"https:\/\/playaychalet.de\/shop\/armband-mondstein-hirschhorn\/#breadcrumb\",\"itemListElement\":[{\"@type\":\"ListItem\",\"position\":1,\"name\":\"Home\",\"item\":\"https:\/\/playaychalet.de\/\"},{\"@type\":\"ListItem\",\"position\":2,\"name\":\"Shop\",\"item\":\"https:\/\/playaychalet.de\/en\/shop-eng\/\"},{\"@type\":\"ListItem\",\"position\":3,\"name\":\"ARMBAND Mondstein \/ Hirschhorn\"}]},{\"@type\":\"WebSite\",\"@id\":\"https:\/\/playaychalet.de\/#website\",\"url\":\"https:\/\/playaychalet.de\/\",\"name\":\"Playa y Chalet\",\"description\":\"\",\"potentialAction\":[{\"@type\":\"SearchAction\",\"target\":{\"@type\":\"EntryPoint\",\"urlTemplate\":\"https:\/\/playaychalet.de\/?s={search_term_string}\"},\"query-input\":\"required name=search_term_string\"}],\"inLanguage\":\"en-US\"}]}<\/script>\n<!-- \/ Yoast SEO plugin. -->","yoast_head_json":{"title":"ARMBAND Mondstein \/ Hirschhorn - Playa y Chalet","robots":{"index":"index","follow":"follow","max-snippet":"max-snippet:-1","max-image-preview":"max-image-preview:large","max-video-preview":"max-video-preview:-1"},"canonical":"https:\/\/playaychalet.de\/shop\/armband-mondstein-hirschhorn\/","og_locale":"en_US","og_type":"article","og_title":"ARMBAND Mondstein \/ Hirschhorn - Playa y Chalet","og_description":"Wickelarmband aus Mondstein mit Hirschhorn-Herzen","og_url":"https:\/\/playaychalet.de\/shop\/armband-mondstein-hirschhorn\/","og_site_name":"Playa y Chalet","article_modified_time":"2025-09-22T16:30:24+00:00","og_image":[{"width":1980,"height":1130,"url":"https:\/\/playaychalet.de\/wp-content\/uploads\/2020\/04\/Armand_Mond-Hirsch_01.jpg","type":"image\/jpeg"}],"twitter_card":"summary_large_image","schema":{"@context":"https:\/\/schema.org","@graph":[{"@type":"WebPage","@id":"https:\/\/playaychalet.de\/shop\/armband-mondstein-hirschhorn\/","url":"https:\/\/playaychalet.de\/shop\/armband-mondstein-hirschhorn\/","name":"ARMBAND Mondstein \/ Hirschhorn - Playa y Chalet","isPartOf":{"@id":"https:\/\/playaychalet.de\/#website"},"datePublished":"2020-04-28T16:38:07+00:00","dateModified":"2025-09-22T16:30:24+00:00","breadcrumb":{"@id":"https:\/\/playaychalet.de\/shop\/armband-mondstein-hirschhorn\/#breadcrumb"},"inLanguage":"en-US","potentialAction":[{"@type":"ReadAction","target":["https:\/\/playaychalet.de\/shop\/armband-mondstein-hirschhorn\/"]}]},{"@type":"BreadcrumbList","@id":"https:\/\/playaychalet.de\/shop\/armband-mondstein-hirschhorn\/#breadcrumb","itemListElement":[{"@type":"ListItem","position":1,"name":"Home","item":"https:\/\/playaychalet.de\/"},{"@type":"ListItem","position":2,"name":"Shop","item":"https:\/\/playaychalet.de\/en\/shop-eng\/"},{"@type":"ListItem","position":3,"name":"ARMBAND Mondstein \/ Hirschhorn"}]},{"@type":"WebSite","@id":"https:\/\/playaychalet.de\/#website","url":"https:\/\/playaychalet.de\/","name":"Playa y Chalet","description":"","potentialAction":[{"@type":"SearchAction","target":{"@type":"EntryPoint","urlTemplate":"https:\/\/playaychalet.de\/?s={search_term_string}"},"query-input":"required name=search_term_string"}],"inLanguage":"en-US"}]}},"_links":{"self":[{"href":"https:\/\/playaychalet.de\/en\/wp-json\/wp\/v2\/product\/987"}],"collection":[{"href":"https:\/\/playaychalet.de\/en\/wp-json\/wp\/v2\/product"}],"about":[{"href":"https:\/\/playaychalet.de\/en\/wp-json\/wp\/v2\/types\/product"}],"wp:featuredmedia":[{"embeddable":true,"href":"https:\/\/playaychalet.de\/en\/wp-json\/wp\/v2\/media\/1181"}],"wp:attachment":[{"href":"https:\/\/playaychalet.de\/en\/wp-json\/wp\/v2\/media?parent=987"}],"wp:term":[{"taxonomy":"product_cat","embeddable":true,"href":"https:\/\/playaychalet.de\/en\/wp-json\/wp\/v2\/product_cat?post=987"},{"taxonomy":"product_tag","embeddable":true,"href":"https:\/\/playaychalet.de\/en\/wp-json\/wp\/v2\/product_tag?post=987"}],"curies":[{"name":"wp","href":"https:\/\/api.w.org\/{rel}","templated":true}]}}