{"id":992,"date":"2020-04-28T16:44:27","date_gmt":"2020-04-28T16:44:27","guid":{"rendered":"https:\/\/playaychalet.de\/?post_type=product&#038;p=992"},"modified":"2024-09-02T11:46:30","modified_gmt":"2024-09-02T11:46:30","slug":"armband-mondstein-perlmutt-ornament","status":"publish","type":"product","link":"https:\/\/playaychalet.de\/en\/shop\/armband-mondstein-perlmutt-ornament\/","title":{"rendered":"ARMBAND Mondstein \/ Perlmutt-Ornament"},"content":{"rendered":"<section class=\"wpb-content-wrapper\"><p>[vc_row][vc_column][vc_column_text]<\/p>\n<p class=\"p1\">Ein Sommernachtstraum von Mykonos bis Muscat: ein luftig zartes Perlmutt-Ornament sorgt zwischen\u00a0wei\u00df schimmernden Mondsteinperlen f\u00fcr ein Gef\u00fchl von Leichtigkeit und K\u00fchle.<\/p>\n<p class=\"p1\"><strong>Details:<\/strong><\/p>\n<ul>\n<li class=\"p1\">Perlen aus wei\u00dfem Mondstein (6 mm)<\/li>\n<li class=\"p1\">Perlmutt-Ornament (3 cm) in Muschelrosa oder Wei\u00df<\/li>\n<li class=\"p1\">damit das Ornament auf dem Handgelenk sitzt, ist das Armband in zwei kurzen L\u00e4ngen verf\u00fcgbar: 16,5 cm oder 17,5 cm<\/li>\n<li>elastisch durch ein Gummiband<\/li>\n<li>Logo-Anh\u00e4nger und \u00d6sen im Farbton Ros\u00e9gold<\/li>\n<li>Mondstein und Perlmutt sind Naturprodukte und variieren in Maserung und Farbe. Jedes Armband ist daher ein Unikat und kann von der Abbildung abweichen.<\/li>\n<\/ul>\n<p><strong>Varianten:<\/strong><\/p>\n<ul>\n<li>Ornament in Muschelrosa, 16,5 cm<\/li>\n<li>Ornament in Muschelrosa, 17,5 cm<\/li>\n<li>Ornament in Perlmuttwei\u00df, 16,5 cm<\/li>\n<li>Ornament in Perlmuttwei\u00df, 17,5 cm<\/li>\n<\/ul>\n<p>[\/vc_column_text][\/vc_column][\/vc_row]<\/p>\n<\/section>","protected":false},"excerpt":{"rendered":"<p>Armband aus Mondstein mit Perlmutt-Ornament.<\/p>\n","protected":false},"featured_media":1186,"template":"","meta":[],"product_cat":[30,105,28],"product_tag":[104,101],"yoast_head":"<!-- This site is optimized with the Yoast SEO plugin v20.13 - https:\/\/yoast.com\/wordpress\/plugins\/seo\/ -->\n<title>ARMBAND Mondstein \/ Perlmutt-Ornament - Playa y Chalet<\/title>\n<meta name=\"robots\" content=\"index, follow, max-snippet:-1, max-image-preview:large, max-video-preview:-1\" \/>\n<link rel=\"canonical\" href=\"https:\/\/playaychalet.de\/shop\/armband-mondstein-perlmutt-ornament\/\" \/>\n<meta property=\"og:locale\" content=\"en_US\" \/>\n<meta property=\"og:type\" content=\"article\" \/>\n<meta property=\"og:title\" content=\"ARMBAND Mondstein \/ Perlmutt-Ornament - Playa y Chalet\" \/>\n<meta property=\"og:description\" content=\"Armband aus Mondstein mit Perlmutt-Ornament.\" \/>\n<meta property=\"og:url\" content=\"https:\/\/playaychalet.de\/shop\/armband-mondstein-perlmutt-ornament\/\" \/>\n<meta property=\"og:site_name\" content=\"Playa y Chalet\" \/>\n<meta property=\"article:modified_time\" content=\"2024-09-02T11:46:30+00:00\" \/>\n<meta property=\"og:image\" content=\"https:\/\/playaychalet.de\/wp-content\/uploads\/2020\/04\/Armband_Mond_Perl_01.jpg\" \/>\n\t<meta property=\"og:image:width\" content=\"1980\" \/>\n\t<meta property=\"og:image:height\" content=\"1130\" \/>\n\t<meta property=\"og:image:type\" content=\"image\/jpeg\" \/>\n<meta name=\"twitter:card\" content=\"summary_large_image\" \/>\n<meta name=\"twitter:label1\" content=\"Est. reading time\" \/>\n\t<meta name=\"twitter:data1\" content=\"1 minute\" \/>\n<script type=\"application\/ld+json\" class=\"yoast-schema-graph\">{\"@context\":\"https:\/\/schema.org\",\"@graph\":[{\"@type\":\"WebPage\",\"@id\":\"https:\/\/playaychalet.de\/shop\/armband-mondstein-perlmutt-ornament\/\",\"url\":\"https:\/\/playaychalet.de\/shop\/armband-mondstein-perlmutt-ornament\/\",\"name\":\"ARMBAND Mondstein \/ Perlmutt-Ornament - Playa y Chalet\",\"isPartOf\":{\"@id\":\"https:\/\/playaychalet.de\/#website\"},\"datePublished\":\"2020-04-28T16:44:27+00:00\",\"dateModified\":\"2024-09-02T11:46:30+00:00\",\"breadcrumb\":{\"@id\":\"https:\/\/playaychalet.de\/shop\/armband-mondstein-perlmutt-ornament\/#breadcrumb\"},\"inLanguage\":\"en-US\",\"potentialAction\":[{\"@type\":\"ReadAction\",\"target\":[\"https:\/\/playaychalet.de\/shop\/armband-mondstein-perlmutt-ornament\/\"]}]},{\"@type\":\"BreadcrumbList\",\"@id\":\"https:\/\/playaychalet.de\/shop\/armband-mondstein-perlmutt-ornament\/#breadcrumb\",\"itemListElement\":[{\"@type\":\"ListItem\",\"position\":1,\"name\":\"Home\",\"item\":\"https:\/\/playaychalet.de\/\"},{\"@type\":\"ListItem\",\"position\":2,\"name\":\"Shop\",\"item\":\"https:\/\/playaychalet.de\/en\/shop-eng\/\"},{\"@type\":\"ListItem\",\"position\":3,\"name\":\"ARMBAND Mondstein \/ Perlmutt-Ornament\"}]},{\"@type\":\"WebSite\",\"@id\":\"https:\/\/playaychalet.de\/#website\",\"url\":\"https:\/\/playaychalet.de\/\",\"name\":\"Playa y Chalet\",\"description\":\"\",\"potentialAction\":[{\"@type\":\"SearchAction\",\"target\":{\"@type\":\"EntryPoint\",\"urlTemplate\":\"https:\/\/playaychalet.de\/?s={search_term_string}\"},\"query-input\":\"required name=search_term_string\"}],\"inLanguage\":\"en-US\"}]}<\/script>\n<!-- \/ Yoast SEO plugin. -->","yoast_head_json":{"title":"ARMBAND Mondstein \/ Perlmutt-Ornament - Playa y Chalet","robots":{"index":"index","follow":"follow","max-snippet":"max-snippet:-1","max-image-preview":"max-image-preview:large","max-video-preview":"max-video-preview:-1"},"canonical":"https:\/\/playaychalet.de\/shop\/armband-mondstein-perlmutt-ornament\/","og_locale":"en_US","og_type":"article","og_title":"ARMBAND Mondstein \/ Perlmutt-Ornament - Playa y Chalet","og_description":"Armband aus Mondstein mit Perlmutt-Ornament.","og_url":"https:\/\/playaychalet.de\/shop\/armband-mondstein-perlmutt-ornament\/","og_site_name":"Playa y Chalet","article_modified_time":"2024-09-02T11:46:30+00:00","og_image":[{"width":1980,"height":1130,"url":"https:\/\/playaychalet.de\/wp-content\/uploads\/2020\/04\/Armband_Mond_Perl_01.jpg","type":"image\/jpeg"}],"twitter_card":"summary_large_image","twitter_misc":{"Est. reading time":"1 minute"},"schema":{"@context":"https:\/\/schema.org","@graph":[{"@type":"WebPage","@id":"https:\/\/playaychalet.de\/shop\/armband-mondstein-perlmutt-ornament\/","url":"https:\/\/playaychalet.de\/shop\/armband-mondstein-perlmutt-ornament\/","name":"ARMBAND Mondstein \/ Perlmutt-Ornament - Playa y Chalet","isPartOf":{"@id":"https:\/\/playaychalet.de\/#website"},"datePublished":"2020-04-28T16:44:27+00:00","dateModified":"2024-09-02T11:46:30+00:00","breadcrumb":{"@id":"https:\/\/playaychalet.de\/shop\/armband-mondstein-perlmutt-ornament\/#breadcrumb"},"inLanguage":"en-US","potentialAction":[{"@type":"ReadAction","target":["https:\/\/playaychalet.de\/shop\/armband-mondstein-perlmutt-ornament\/"]}]},{"@type":"BreadcrumbList","@id":"https:\/\/playaychalet.de\/shop\/armband-mondstein-perlmutt-ornament\/#breadcrumb","itemListElement":[{"@type":"ListItem","position":1,"name":"Home","item":"https:\/\/playaychalet.de\/"},{"@type":"ListItem","position":2,"name":"Shop","item":"https:\/\/playaychalet.de\/en\/shop-eng\/"},{"@type":"ListItem","position":3,"name":"ARMBAND Mondstein \/ Perlmutt-Ornament"}]},{"@type":"WebSite","@id":"https:\/\/playaychalet.de\/#website","url":"https:\/\/playaychalet.de\/","name":"Playa y Chalet","description":"","potentialAction":[{"@type":"SearchAction","target":{"@type":"EntryPoint","urlTemplate":"https:\/\/playaychalet.de\/?s={search_term_string}"},"query-input":"required name=search_term_string"}],"inLanguage":"en-US"}]}},"_links":{"self":[{"href":"https:\/\/playaychalet.de\/en\/wp-json\/wp\/v2\/product\/992"}],"collection":[{"href":"https:\/\/playaychalet.de\/en\/wp-json\/wp\/v2\/product"}],"about":[{"href":"https:\/\/playaychalet.de\/en\/wp-json\/wp\/v2\/types\/product"}],"wp:featuredmedia":[{"embeddable":true,"href":"https:\/\/playaychalet.de\/en\/wp-json\/wp\/v2\/media\/1186"}],"wp:attachment":[{"href":"https:\/\/playaychalet.de\/en\/wp-json\/wp\/v2\/media?parent=992"}],"wp:term":[{"taxonomy":"product_cat","embeddable":true,"href":"https:\/\/playaychalet.de\/en\/wp-json\/wp\/v2\/product_cat?post=992"},{"taxonomy":"product_tag","embeddable":true,"href":"https:\/\/playaychalet.de\/en\/wp-json\/wp\/v2\/product_tag?post=992"}],"curies":[{"name":"wp","href":"https:\/\/api.w.org\/{rel}","templated":true}]}}